{"id":11452,"date":"2020-05-20T11:18:40","date_gmt":"2020-05-20T09:18:40","guid":{"rendered":"http:\/\/studio.solvatten.org\/?page_id=11452"},"modified":"2025-05-14T13:37:11","modified_gmt":"2025-05-14T11:37:11","slug":"solvatten-insamlingsstiftelse","status":"publish","type":"page","link":"https:\/\/solvatten.org\/sv\/solvatten-insamlingsstiftelse\/","title":{"rendered":"Solvatten Insamlingsstiftelse"},"content":{"rendered":"\t\t<div data-elementor-type=\"wp-page\" data-elementor-id=\"11452\" class=\"elementor elementor-11452 elementor-9307\" data-elementor-post-type=\"page\">\n\t\t\t\t\t\t<section class=\"elementor-section elementor-top-section elementor-element elementor-element-1723a64 elementor-section-full_width elementor-section-height-min-height elementor-section-content-top elementor-section-height-default elementor-section-items-middle\" data-id=\"1723a64\" data-element_type=\"section\" data-settings=\"{&quot;background_background&quot;:&quot;classic&quot;}\">\n\t\t\t\t\t\t\t<div class=\"elementor-background-overlay\"><\/div>\n\t\t\t\t\t\t\t<div class=\"elementor-container elementor-column-gap-no\">\n\t\t\t\t\t<div class=\"elementor-column elementor-col-100 elementor-top-column elementor-element elementor-element-cca415b\" data-id=\"cca415b\" data-element_type=\"column\">\n\t\t\t<div class=\"elementor-widget-wrap elementor-element-populated\">\n\t\t\t\t\t\t<div class=\"elementor-element elementor-element-59d7530 elementor-widget elementor-widget-heading\" data-id=\"59d7530\" data-element_type=\"widget\" data-widget_type=\"heading.default\">\n\t\t\t\t<div class=\"elementor-widget-container\">\n\t\t\t\t\t<h4 class=\"elementor-heading-title elementor-size-default\">Solvatten Insamlingsstiftelse<\/h4>\t\t\t\t<\/div>\n\t\t\t\t<\/div>\n\t\t\t\t\t<\/div>\n\t\t<\/div>\n\t\t\t\t\t<\/div>\n\t\t<\/section>\n\t\t\t\t<section class=\"elementor-section elementor-top-section elementor-element elementor-element-40788a0 elementor-section-boxed elementor-section-height-default elementor-section-height-default\" data-id=\"40788a0\" data-element_type=\"section\">\n\t\t\t\t\t\t<div class=\"elementor-container elementor-column-gap-default\">\n\t\t\t\t\t<div class=\"elementor-column elementor-col-100 elementor-top-column elementor-element elementor-element-6070f87\" data-id=\"6070f87\" data-element_type=\"column\">\n\t\t\t<div class=\"elementor-widget-wrap elementor-element-populated\">\n\t\t\t\t\t\t<section class=\"elementor-section elementor-inner-section elementor-element elementor-element-a446010 elementor-section-boxed elementor-section-height-default elementor-section-height-default\" data-id=\"a446010\" data-element_type=\"section\">\n\t\t\t\t\t\t<div class=\"elementor-container elementor-column-gap-no\">\n\t\t\t\t\t<div class=\"elementor-column elementor-col-100 elementor-inner-column elementor-element elementor-element-3ad181f\" data-id=\"3ad181f\" data-element_type=\"column\">\n\t\t\t<div class=\"elementor-widget-wrap elementor-element-populated\">\n\t\t\t\t\t\t<div class=\"elementor-element elementor-element-b306aa5 elementor-widget elementor-widget-text-editor\" data-id=\"b306aa5\" data-element_type=\"widget\" data-widget_type=\"text-editor.default\">\n\t\t\t\t<div class=\"elementor-widget-container\">\n\t\t\t\t\t\t\t\t\t<p>BIDRA TILL EN B\u00c4TTRE V\u00c4RLD<\/p>\t\t\t\t\t\t\t\t<\/div>\n\t\t\t\t<\/div>\n\t\t\t\t<div class=\"elementor-element elementor-element-03fe5d1 elementor-widget elementor-widget-heading\" data-id=\"03fe5d1\" data-element_type=\"widget\" data-widget_type=\"heading.default\">\n\t\t\t\t<div class=\"elementor-widget-container\">\n\t\t\t\t\t<h2 class=\"elementor-heading-title elementor-size-default\">Tillsammans g\u00f6r vi skillnad<\/h2>\t\t\t\t<\/div>\n\t\t\t\t<\/div>\n\t\t\t\t\t<\/div>\n\t\t<\/div>\n\t\t\t\t\t<\/div>\n\t\t<\/section>\n\t\t\t\t\t<\/div>\n\t\t<\/div>\n\t\t\t\t\t<\/div>\n\t\t<\/section>\n\t\t\t\t<section class=\"elementor-section elementor-top-section elementor-element elementor-element-5adbae2 elementor-section-boxed elementor-section-height-default elementor-section-height-default\" data-id=\"5adbae2\" data-element_type=\"section\">\n\t\t\t\t\t\t<div class=\"elementor-container elementor-column-gap-default\">\n\t\t\t\t\t<div class=\"elementor-column elementor-col-100 elementor-top-column elementor-element elementor-element-4cc6f8b\" data-id=\"4cc6f8b\" data-element_type=\"column\">\n\t\t\t<div class=\"elementor-widget-wrap elementor-element-populated\">\n\t\t\t\t\t\t<div class=\"elementor-element elementor-element-bacceb5 elementor-widget elementor-widget-text-editor\" data-id=\"bacceb5\" data-element_type=\"widget\" data-widget_type=\"text-editor.default\">\n\t\t\t\t<div class=\"elementor-widget-container\">\n\t\t\t\t\t\t\t\t\t<p>Solvatten Insamlingsstiftelse startade h\u00f6sten 2013 med \u00e4ndam\u00e5l att p\u00e5 ett konkret och h\u00e5llbart s\u00e4tt f\u00f6rb\u00e4ttra livsvillkoren f\u00f6r m\u00e4nniskor, framf\u00f6rallt kvinnor samt barn, som lever utan rent vatten.<\/p>\n<p>Solvatten Insamlingsstiftelse med organisations nr. 802477-9293, administrerar alla de donationer som kommer fr\u00e5n allm\u00e4nheten och dessa anv\u00e4nder stiftelsen till att genomf\u00f6ra utvalda Solvattenprojekt. Stockholms L\u00e4nsstyrelse granskar stiftelsens verksamhet vilket \u00e4r en garant f\u00f6r att pengar anv\u00e4nds \u00e4ndam\u00e5lsenligt. Sedan 2022 har stiftelsen ett 90-konto vilket inneb\u00e4r att vi \u00e4ven granskas av Svensk insamlingskontroll \u00e5rligen.&nbsp;<\/p>\n<p>En del av&nbsp;insamlingsstiftelsens arbete \u00e4r ocks\u00e5 att bedriva id\u00e9- och kampanjarbete f\u00f6r&nbsp;att skapa engagemang i Sverige. V\u00e5r ambition \u00e4r att Solvatten Insamlingsstiftelse p\u00e5 sikt&nbsp;blir en plattform f\u00f6r internationellt samarbete d\u00e4r man lyfter fram direkta och&nbsp;h\u00e5llbara&nbsp;l\u00f6sningar f\u00f6r utsatta m\u00e4nniskor och barn.<\/p>\n<p>Roslagsgatan 56<br>113 54 Stockholm<br>Sverige<\/p>\n<p><strong>Swish:<\/strong> 1239007865<\/p>\n<p><strong>Nordea bankgiro:<\/strong>&nbsp;90 07865<\/p>\n<p>Vill du g\u00f6ra skillnad? Vi s\u00f6ker alltid hj\u00e4lp fr\u00e5n volont\u00e4ra krafter som brinner f\u00f6r milj\u00f6, klimat och globala r\u00e4ttvisefr\u00e5gor d\u00e4r tillg\u00e5ngen till rent vatten \u00e4r helt avg\u00f6rande. L\u00e5ter det som n\u00e5got f\u00f6r dig?<\/p>\n<p>Ta kontakt med oss p\u00e5: <a href=\"mailto:donations@solvatten.org\">donations@solvatten.org<\/a><\/p>\n<div>&nbsp;<\/div>\n<div class=\"\"><em>L\u00e4s mer om Solvatten Charitable Foundation p\u00e5 den engelskspr\u00e5kiga sidan.<\/em><\/div>\t\t\t\t\t\t\t\t<\/div>\n\t\t\t\t<\/div>\n\t\t\t\t<div class=\"elementor-element elementor-element-87922bb elementor-widget-divider--view-line elementor-widget elementor-widget-divider\" data-id=\"87922bb\" data-element_type=\"widget\" data-widget_type=\"divider.default\">\n\t\t\t\t<div class=\"elementor-widget-container\">\n\t\t\t\t\t\t\t<div class=\"elementor-divider\">\n\t\t\t<span class=\"elementor-divider-separator\">\n\t\t\t\t\t\t<\/span>\n\t\t<\/div>\n\t\t\t\t\t\t<\/div>\n\t\t\t\t<\/div>\n\t\t\t\t<div class=\"elementor-element elementor-element-c5b2318 elementor-widget elementor-widget-text-editor\" data-id=\"c5b2318\" data-element_type=\"widget\" data-widget_type=\"text-editor.default\">\n\t\t\t\t<div class=\"elementor-widget-container\">\n\t\t\t\t\t\t\t\t\t<p style=\"margin: 0cm; font-size: medium; font-family: Calibri, sans-serif;\"><strong><span style=\"font-size: 1rem; color: var( --e-global-color-text ); font-family: var( --e-global-typography-text-font-family ), Sans-serif;\">Minnesg\u00e5va<\/span><\/strong><\/p><p style=\"margin: 0cm; font-size: medium; font-family: Calibri, sans-serif;\"><span style=\"font-size: 11pt; font-family: BrownTT, sans-serif;\">\u00a0<\/span><span style=\"color: var( --e-global-color-text ); font-family: BrownTT, sans-serif; font-size: 11pt;\">\u00a0<\/span><\/p><p style=\"margin: 0cm; font-size: medium; font-family: Calibri, sans-serif;\"><span style=\"font-family: Brown, sans-serif; font-size: 16px;\">\u00d6nskar du donera till Solvatten insamlingsstiftelse i form av en minnesg\u00e5va? Genom <a href=\"https:\/\/mingava.se\">Ming\u00e5va.se<\/a> kan du l\u00e4mna en g\u00e5va till f\u00f6rm\u00e5n f\u00f6r stiftelsen via en begravningsbyr\u00e5.<\/span><span style=\"font-size: 11pt; font-family: BrownTT, sans-serif;\"><br \/><\/span><\/p>\t\t\t\t\t\t\t\t<\/div>\n\t\t\t\t<\/div>\n\t\t\t\t<div class=\"elementor-element elementor-element-9dd2389 elementor-widget-divider--view-line elementor-widget elementor-widget-divider\" data-id=\"9dd2389\" data-element_type=\"widget\" data-widget_type=\"divider.default\">\n\t\t\t\t<div class=\"elementor-widget-container\">\n\t\t\t\t\t\t\t<div class=\"elementor-divider\">\n\t\t\t<span class=\"elementor-divider-separator\">\n\t\t\t\t\t\t<\/span>\n\t\t<\/div>\n\t\t\t\t\t\t<\/div>\n\t\t\t\t<\/div>\n\t\t\t\t<div class=\"elementor-element elementor-element-aaafd7e elementor-widget elementor-widget-text-editor\" data-id=\"aaafd7e\" data-element_type=\"widget\" data-widget_type=\"text-editor.default\">\n\t\t\t\t<div class=\"elementor-widget-container\">\n\t\t\t\t\t\t\t\t\t<p><strong style=\"font-size: 1rem;\">Skattereduktion<\/strong><\/p><blockquote><div><div><div><p>Solvatten Insamlingsstiftelse \u00e4r sedan 8 juni 2022 godk\u00e4nd g\u00e5vomottagare f\u00f6r skatteverket. Du som givare till godk\u00e4nda g\u00e5vomottagare kan f\u00e5 skattereduktion p\u00e5 dina g\u00e5vor.<span style=\"font-size: 1rem;\">\u00a0Om du \u00f6nskar att din g\u00e5va ska\u00a0<\/span>registreras f\u00f6r skattereduktion, v\u00e4nligen skriv &#8221;Skattereduktion&#8221; i din g\u00e5va samt maila till donations@solvatten.org s\u00e5 vi f\u00e5r dina uppgifter.\u00a0<span style=\"font-size: 1rem;\">\u00a0<\/span><\/p><p>F\u00f6r mer information bes\u00f6k\u00a0<a href=\"https:\/\/skatteverket.se\/privat\/skatter\/arbeteochinkomst\/skattereduktioner\/skattereduktionforgavor.4.5fc8c94513259a4ba1d800064144.html?q=g\u00e5vomottagarna+skattereduktion\" target=\"_blank\" rel=\"noopener\">Skatteverket<\/a>.<\/p><p>\u00a0<\/p><\/div><\/div><\/div><\/blockquote>\t\t\t\t\t\t\t\t<\/div>\n\t\t\t\t<\/div>\n\t\t\t\t<div class=\"elementor-element elementor-element-2f69d35 elementor-widget elementor-widget-accordion\" data-id=\"2f69d35\" data-element_type=\"widget\" data-widget_type=\"accordion.default\">\n\t\t\t\t<div class=\"elementor-widget-container\">\n\t\t\t\t\t\t\t<div class=\"elementor-accordion\">\n\t\t\t\t\t\t\t<div class=\"elementor-accordion-item\">\n\t\t\t\t\t<div id=\"elementor-tab-title-4971\" class=\"elementor-tab-title\" data-tab=\"1\" role=\"button\" aria-controls=\"elementor-tab-content-4971\" aria-expanded=\"false\">\n\t\t\t\t\t\t\t\t\t\t\t\t\t<span class=\"elementor-accordion-icon elementor-accordion-icon-left\" aria-hidden=\"true\">\n\t\t\t\t\t\t\t\t\t\t\t\t\t\t\t<span class=\"elementor-accordion-icon-closed\"><i class=\"fas fa-plus\"><\/i><\/span>\n\t\t\t\t\t\t\t\t<span class=\"elementor-accordion-icon-opened\"><i class=\"fas fa-minus\"><\/i><\/span>\n\t\t\t\t\t\t\t\t\t\t\t\t\t\t<\/span>\n\t\t\t\t\t\t\t\t\t\t\t\t<a class=\"elementor-accordion-title\" tabindex=\"0\">Vad g\u00e4ller f\u00f6r att f\u00e5 avdragsr\u00e4tt p\u00e5 g\u00e5vor? <\/a>\n\t\t\t\t\t<\/div>\n\t\t\t\t\t<div id=\"elementor-tab-content-4971\" class=\"elementor-tab-content elementor-clearfix\" data-tab=\"1\" role=\"region\" aria-labelledby=\"elementor-tab-title-4971\"><p>Du m\u00e5ste ge en g\u00e5va p\u00e5 minst 200 kr vid varje tillf\u00e4lle.\u00a0<span style=\"color: var( --e-global-color-text ); font-family: var( --e-global-typography-text-font-family ), Sans-serif; font-size: 1rem;\">Sammanlagt under ett \u00e5r ska du ha sk\u00e4nkt totalt 2000 kr, till en eller flera godk\u00e4nda g\u00e5vomottagare.\u00a0<\/span><span style=\"color: var( --e-global-color-text ); font-family: var( --e-global-typography-text-font-family ), Sans-serif; font-size: 1rem;\">D\u00e5 f\u00e5r du avdrag p\u00e5 25 % av g\u00e5vobeloppet.\u00a0<\/span><\/p><p>Maxbelopp f\u00f6r avdraget \u00e4r 3000 kr, allts\u00e5 kan du g\u00f6ra donationer p\u00e5 som max 12 000 kr per \u00e5r om du vill g\u00f6ra skatteavdrag.\u00a0<\/p><p>F\u00f6r att kunna ta del av detta beh\u00f6ver du inte g\u00f6ra n\u00e5got f\u00f6rutom markera din g\u00e5va med &#8221;Skattereduktion&#8221; samt kontakta oss f\u00f6r att dela ditt personnummer samt din adress s\u00e5 vi kan rapportera in till Skatteverket att du vill g\u00f6ra avdrag.<\/p><p>\u00c4r du intresserad av att \u00f6ka din m\u00e5nadsg\u00e5va och f\u00e5 skattereduktion?\u00a0<\/p><p>Kontakta oss s\u00e5 hj\u00e4lper vi er!\u00a0<\/p><p><a href=\"mailto:Donations@solvatten.org\">Donations@solvatten.org<\/a><\/p><\/div>\n\t\t\t\t<\/div>\n\t\t\t\t\t\t\t\t<\/div>\n\t\t\t\t\t\t<\/div>\n\t\t\t\t<\/div>\n\t\t\t\t<div class=\"elementor-element elementor-element-0512387 elementor-widget elementor-widget-text-editor\" data-id=\"0512387\" data-element_type=\"widget\" data-widget_type=\"text-editor.default\">\n\t\t\t\t<div class=\"elementor-widget-container\">\n\t\t\t\t\t\t\t\t\t<h4><strong>Ladda ned<\/strong><\/h4>\n\t\t\t\t\t\t\t\t<\/div>\n\t\t\t\t<\/div>\n\t\t\t\t<div class=\"elementor-element elementor-element-f67ad1c elementor-widget elementor-widget-text-editor\" data-id=\"f67ad1c\" data-element_type=\"widget\" data-widget_type=\"text-editor.default\">\n\t\t\t\t<div class=\"elementor-widget-container\">\n\t\t\t\t\t\t\t\t\t<p>\u2022 <a href=\"https:\/\/solvatten.org\/wp-content\/uploads\/2021\/12\/Stadgar.pdf\" target=\"_blank\" rel=\"noopener\">Stadgar<\/a><\/p><p>\u2022 <a href=\"https:\/\/solvatten.org\/wp-content\/uploads\/2021\/12\/Urkund.pdf\" target=\"_blank\" rel=\"noopener\">Urkund<\/a><\/p><p>\u2022 <a href=\"https:\/\/solvatten.org\/wp-content\/uploads\/2024\/08\/arsredovisningSIS_tom_24.zip\">A\u030arsredovisning 3 \u00e5r<\/a><\/p><ul><li><a href=\"https:\/\/solvatten.org\/wp-content\/uploads\/2025\/05\/802477-9293-AR-SIS-2024-signed-10304322-kopia.pdf\">2024<\/a><\/li><\/ul><p>\u00a0(Signerade kopior finns p\u00e5 beg\u00e4ran)<\/p>\t\t\t\t\t\t\t\t<\/div>\n\t\t\t\t<\/div>\n\t\t\t\t<div class=\"elementor-element elementor-element-4ef95f8 elementor-widget elementor-widget-spacer\" data-id=\"4ef95f8\" data-element_type=\"widget\" data-widget_type=\"spacer.default\">\n\t\t\t\t<div class=\"elementor-widget-container\">\n\t\t\t\t\t\t\t<div class=\"elementor-spacer\">\n\t\t\t<div class=\"elementor-spacer-inner\"><\/div>\n\t\t<\/div>\n\t\t\t\t\t\t<\/div>\n\t\t\t\t<\/div>\n\t\t\t\t\t<\/div>\n\t\t<\/div>\n\t\t\t\t\t<\/div>\n\t\t<\/section>\n\t\t\t\t<section class=\"elementor-section elementor-top-section elementor-element elementor-element-fbda497 elementor-section-boxed elementor-section-height-default elementor-section-height-default\" data-id=\"fbda497\" data-element_type=\"section\">\n\t\t\t\t\t\t<div class=\"elementor-container elementor-column-gap-default\">\n\t\t\t\t\t<div class=\"elementor-column elementor-col-100 elementor-top-column elementor-element elementor-element-5cb82b3\" data-id=\"5cb82b3\" data-element_type=\"column\">\n\t\t\t<div class=\"elementor-widget-wrap elementor-element-populated\">\n\t\t\t\t\t\t<div class=\"elementor-element elementor-element-7d5d1ae elementor-widget elementor-widget-image\" data-id=\"7d5d1ae\" data-element_type=\"widget\" data-widget_type=\"image.default\">\n\t\t\t\t<div class=\"elementor-widget-container\">\n\t\t\t\t\t\t\t\t\t\t\t\t\t\t\t<img decoding=\"async\" width=\"300\" height=\"74\" src=\"https:\/\/solvatten.org\/wp-content\/uploads\/2023\/02\/90_Konto_Logo_RGB-300x74.jpg\" class=\"attachment-medium size-medium wp-image-19225\" alt=\"\" srcset=\"https:\/\/solvatten.org\/wp-content\/uploads\/2023\/02\/90_Konto_Logo_RGB-300x74.jpg 300w, https:\/\/solvatten.org\/wp-content\/uploads\/2023\/02\/90_Konto_Logo_RGB.jpg 615w\" sizes=\"(max-width: 300px) 100vw, 300px\" \/>\t\t\t\t\t\t\t\t\t\t\t\t\t\t\t<\/div>\n\t\t\t\t<\/div>\n\t\t\t\t\t<\/div>\n\t\t<\/div>\n\t\t\t\t\t<\/div>\n\t\t<\/section>\n\t\t\t\t<\/div>\n\t\t","protected":false},"excerpt":{"rendered":"<p>Solvatten Insamlingsstiftelse BIDRA TILL EN B\u00c4TTRE V\u00c4RLD Tillsammans g\u00f6r vi skillnad Solvatten Insamlingsstiftelse startade h\u00f6sten 2013 med \u00e4ndam\u00e5l att p\u00e5 ett konkret och h\u00e5llbart s\u00e4tt f\u00f6rb\u00e4ttra livsvillkoren f\u00f6r m\u00e4nniskor, framf\u00f6rallt kvinnor samt barn, som lever utan rent vatten. Solvatten Insamlingsstiftelse med organisations nr. 802477-9293, administrerar alla de donationer som kommer fr\u00e5n allm\u00e4nheten och dessa anv\u00e4nder [&hellip;]<\/p>\n","protected":false},"author":35,"featured_media":17804,"parent":0,"menu_order":0,"comment_status":"closed","ping_status":"closed","template":"elementor_header_footer","meta":{"_acf_changed":false,"footnotes":""},"class_list":["post-11452","page","type-page","status-publish","has-post-thumbnail","hentry"],"acf":[],"yoast_head":"<!-- This site is optimized with the Yoast SEO Premium plugin v24.7 (Yoast SEO v24.7) - https:\/\/yoast.com\/wordpress\/plugins\/seo\/ -->\n<title>Solvatten Insamlingsstiftelse - Sunshine Stories<\/title>\n<meta name=\"robots\" content=\"index, follow, max-snippet:-1, max-image-preview:large, max-video-preview:-1\" \/>\n<link rel=\"canonical\" href=\"https:\/\/solvatten.org\/sv\/solvatten-insamlingsstiftelse\/\" \/>\n<meta property=\"og:locale\" content=\"sv_SE\" \/>\n<meta property=\"og:type\" content=\"article\" \/>\n<meta property=\"og:title\" content=\"Solvatten Insamlingsstiftelse\" \/>\n<meta property=\"og:description\" content=\"Solvatten Insamlingsstiftelse BIDRA TILL EN B\u00c4TTRE V\u00c4RLD Tillsammans g\u00f6r vi skillnad Solvatten Insamlingsstiftelse startade h\u00f6sten 2013 med \u00e4ndam\u00e5l att p\u00e5 ett konkret och h\u00e5llbart s\u00e4tt f\u00f6rb\u00e4ttra livsvillkoren f\u00f6r m\u00e4nniskor, framf\u00f6rallt kvinnor samt barn, som lever utan rent vatten. Solvatten Insamlingsstiftelse med organisations nr. 802477-9293, administrerar alla de donationer som kommer fr\u00e5n allm\u00e4nheten och dessa anv\u00e4nder [&hellip;]\" \/>\n<meta property=\"og:url\" content=\"https:\/\/solvatten.org\/sv\/solvatten-insamlingsstiftelse\/\" \/>\n<meta property=\"og:site_name\" content=\"Sunshine Stories\" \/>\n<meta property=\"article:modified_time\" content=\"2025-05-14T11:37:11+00:00\" \/>\n<meta property=\"og:image\" content=\"https:\/\/solvatten.org\/wp-content\/uploads\/2022\/04\/SIS-logga-mars-2022.jpeg\" \/>\n\t<meta property=\"og:image:width\" content=\"640\" \/>\n\t<meta property=\"og:image:height\" content=\"306\" \/>\n\t<meta property=\"og:image:type\" content=\"image\/jpeg\" \/>\n<meta name=\"twitter:card\" content=\"summary_large_image\" \/>\n<meta name=\"twitter:label1\" content=\"Ber\u00e4knad l\u00e4stid\" \/>\n\t<meta name=\"twitter:data1\" content=\"3 minuter\" \/>\n<script type=\"application\/ld+json\" class=\"yoast-schema-graph\">{\"@context\":\"https:\/\/schema.org\",\"@graph\":[{\"@type\":\"WebPage\",\"@id\":\"https:\/\/solvatten.org\/sv\/solvatten-insamlingsstiftelse\/\",\"url\":\"https:\/\/solvatten.org\/sv\/solvatten-insamlingsstiftelse\/\",\"name\":\"Solvatten Insamlingsstiftelse - Sunshine Stories\",\"isPartOf\":{\"@id\":\"https:\/\/solvatten.org\/sv\/#website\"},\"primaryImageOfPage\":{\"@id\":\"https:\/\/solvatten.org\/sv\/solvatten-insamlingsstiftelse\/#primaryimage\"},\"image\":{\"@id\":\"https:\/\/solvatten.org\/sv\/solvatten-insamlingsstiftelse\/#primaryimage\"},\"thumbnailUrl\":\"https:\/\/solvatten.org\/wp-content\/uploads\/2022\/04\/SIS-logga-mars-2022.jpeg\",\"datePublished\":\"2020-05-20T09:18:40+00:00\",\"dateModified\":\"2025-05-14T11:37:11+00:00\",\"breadcrumb\":{\"@id\":\"https:\/\/solvatten.org\/sv\/solvatten-insamlingsstiftelse\/#breadcrumb\"},\"inLanguage\":\"sv-SE\",\"potentialAction\":[{\"@type\":\"ReadAction\",\"target\":[\"https:\/\/solvatten.org\/sv\/solvatten-insamlingsstiftelse\/\"]}]},{\"@type\":\"ImageObject\",\"inLanguage\":\"sv-SE\",\"@id\":\"https:\/\/solvatten.org\/sv\/solvatten-insamlingsstiftelse\/#primaryimage\",\"url\":\"https:\/\/solvatten.org\/wp-content\/uploads\/2022\/04\/SIS-logga-mars-2022.jpeg\",\"contentUrl\":\"https:\/\/solvatten.org\/wp-content\/uploads\/2022\/04\/SIS-logga-mars-2022.jpeg\",\"width\":640,\"height\":306},{\"@type\":\"BreadcrumbList\",\"@id\":\"https:\/\/solvatten.org\/sv\/solvatten-insamlingsstiftelse\/#breadcrumb\",\"itemListElement\":[{\"@type\":\"ListItem\",\"position\":1,\"name\":\"Home\",\"item\":\"https:\/\/solvatten.org\/sv\/\"},{\"@type\":\"ListItem\",\"position\":2,\"name\":\"Solvatten Insamlingsstiftelse\"}]},{\"@type\":\"WebSite\",\"@id\":\"https:\/\/solvatten.org\/sv\/#website\",\"url\":\"https:\/\/solvatten.org\/sv\/\",\"name\":\"Sunshine Stories\",\"description\":\"Everything Starts With Safe Water\",\"publisher\":{\"@id\":\"https:\/\/solvatten.org\/sv\/#organization\"},\"potentialAction\":[{\"@type\":\"SearchAction\",\"target\":{\"@type\":\"EntryPoint\",\"urlTemplate\":\"https:\/\/solvatten.org\/sv\/?s={search_term_string}\"},\"query-input\":{\"@type\":\"PropertyValueSpecification\",\"valueRequired\":true,\"valueName\":\"search_term_string\"}}],\"inLanguage\":\"sv-SE\"},{\"@type\":\"Organization\",\"@id\":\"https:\/\/solvatten.org\/sv\/#organization\",\"name\":\"Solvatten\",\"url\":\"https:\/\/solvatten.org\/sv\/\",\"logo\":{\"@type\":\"ImageObject\",\"inLanguage\":\"sv-SE\",\"@id\":\"https:\/\/solvatten.org\/sv\/#\/schema\/logo\/image\/\",\"url\":\"https:\/\/solvatten.org\/wp-content\/uploads\/2020\/02\/Solvatten_Logo_Black.png\",\"contentUrl\":\"https:\/\/solvatten.org\/wp-content\/uploads\/2020\/02\/Solvatten_Logo_Black.png\",\"width\":2000,\"height\":535,\"caption\":\"Solvatten\"},\"image\":{\"@id\":\"https:\/\/solvatten.org\/sv\/#\/schema\/logo\/image\/\"}}]}<\/script>\n<!-- \/ Yoast SEO Premium plugin. -->","yoast_head_json":{"title":"Solvatten Insamlingsstiftelse - Sunshine Stories","robots":{"index":"index","follow":"follow","max-snippet":"max-snippet:-1","max-image-preview":"max-image-preview:large","max-video-preview":"max-video-preview:-1"},"canonical":"https:\/\/solvatten.org\/sv\/solvatten-insamlingsstiftelse\/","og_locale":"sv_SE","og_type":"article","og_title":"Solvatten Insamlingsstiftelse","og_description":"Solvatten Insamlingsstiftelse BIDRA TILL EN B\u00c4TTRE V\u00c4RLD Tillsammans g\u00f6r vi skillnad Solvatten Insamlingsstiftelse startade h\u00f6sten 2013 med \u00e4ndam\u00e5l att p\u00e5 ett konkret och h\u00e5llbart s\u00e4tt f\u00f6rb\u00e4ttra livsvillkoren f\u00f6r m\u00e4nniskor, framf\u00f6rallt kvinnor samt barn, som lever utan rent vatten. Solvatten Insamlingsstiftelse med organisations nr. 802477-9293, administrerar alla de donationer som kommer fr\u00e5n allm\u00e4nheten och dessa anv\u00e4nder [&hellip;]","og_url":"https:\/\/solvatten.org\/sv\/solvatten-insamlingsstiftelse\/","og_site_name":"Sunshine Stories","article_modified_time":"2025-05-14T11:37:11+00:00","og_image":[{"width":640,"height":306,"url":"https:\/\/solvatten.org\/wp-content\/uploads\/2022\/04\/SIS-logga-mars-2022.jpeg","type":"image\/jpeg"}],"twitter_card":"summary_large_image","twitter_misc":{"Ber\u00e4knad l\u00e4stid":"3 minuter"},"schema":{"@context":"https:\/\/schema.org","@graph":[{"@type":"WebPage","@id":"https:\/\/solvatten.org\/sv\/solvatten-insamlingsstiftelse\/","url":"https:\/\/solvatten.org\/sv\/solvatten-insamlingsstiftelse\/","name":"Solvatten Insamlingsstiftelse - Sunshine Stories","isPartOf":{"@id":"https:\/\/solvatten.org\/sv\/#website"},"primaryImageOfPage":{"@id":"https:\/\/solvatten.org\/sv\/solvatten-insamlingsstiftelse\/#primaryimage"},"image":{"@id":"https:\/\/solvatten.org\/sv\/solvatten-insamlingsstiftelse\/#primaryimage"},"thumbnailUrl":"https:\/\/solvatten.org\/wp-content\/uploads\/2022\/04\/SIS-logga-mars-2022.jpeg","datePublished":"2020-05-20T09:18:40+00:00","dateModified":"2025-05-14T11:37:11+00:00","breadcrumb":{"@id":"https:\/\/solvatten.org\/sv\/solvatten-insamlingsstiftelse\/#breadcrumb"},"inLanguage":"sv-SE","potentialAction":[{"@type":"ReadAction","target":["https:\/\/solvatten.org\/sv\/solvatten-insamlingsstiftelse\/"]}]},{"@type":"ImageObject","inLanguage":"sv-SE","@id":"https:\/\/solvatten.org\/sv\/solvatten-insamlingsstiftelse\/#primaryimage","url":"https:\/\/solvatten.org\/wp-content\/uploads\/2022\/04\/SIS-logga-mars-2022.jpeg","contentUrl":"https:\/\/solvatten.org\/wp-content\/uploads\/2022\/04\/SIS-logga-mars-2022.jpeg","width":640,"height":306},{"@type":"BreadcrumbList","@id":"https:\/\/solvatten.org\/sv\/solvatten-insamlingsstiftelse\/#breadcrumb","itemListElement":[{"@type":"ListItem","position":1,"name":"Home","item":"https:\/\/solvatten.org\/sv\/"},{"@type":"ListItem","position":2,"name":"Solvatten Insamlingsstiftelse"}]},{"@type":"WebSite","@id":"https:\/\/solvatten.org\/sv\/#website","url":"https:\/\/solvatten.org\/sv\/","name":"Sunshine Stories","description":"Everything Starts With Safe Water","publisher":{"@id":"https:\/\/solvatten.org\/sv\/#organization"},"potentialAction":[{"@type":"SearchAction","target":{"@type":"EntryPoint","urlTemplate":"https:\/\/solvatten.org\/sv\/?s={search_term_string}"},"query-input":{"@type":"PropertyValueSpecification","valueRequired":true,"valueName":"search_term_string"}}],"inLanguage":"sv-SE"},{"@type":"Organization","@id":"https:\/\/solvatten.org\/sv\/#organization","name":"Solvatten","url":"https:\/\/solvatten.org\/sv\/","logo":{"@type":"ImageObject","inLanguage":"sv-SE","@id":"https:\/\/solvatten.org\/sv\/#\/schema\/logo\/image\/","url":"https:\/\/solvatten.org\/wp-content\/uploads\/2020\/02\/Solvatten_Logo_Black.png","contentUrl":"https:\/\/solvatten.org\/wp-content\/uploads\/2020\/02\/Solvatten_Logo_Black.png","width":2000,"height":535,"caption":"Solvatten"},"image":{"@id":"https:\/\/solvatten.org\/sv\/#\/schema\/logo\/image\/"}}]}},"_links":{"self":[{"href":"https:\/\/solvatten.org\/sv\/wp-json\/wp\/v2\/pages\/11452","targetHints":{"allow":["GET"]}}],"collection":[{"href":"https:\/\/solvatten.org\/sv\/wp-json\/wp\/v2\/pages"}],"about":[{"href":"https:\/\/solvatten.org\/sv\/wp-json\/wp\/v2\/types\/page"}],"author":[{"embeddable":true,"href":"https:\/\/solvatten.org\/sv\/wp-json\/wp\/v2\/users\/35"}],"replies":[{"embeddable":true,"href":"https:\/\/solvatten.org\/sv\/wp-json\/wp\/v2\/comments?post=11452"}],"version-history":[{"count":11,"href":"https:\/\/solvatten.org\/sv\/wp-json\/wp\/v2\/pages\/11452\/revisions"}],"predecessor-version":[{"id":21776,"href":"https:\/\/solvatten.org\/sv\/wp-json\/wp\/v2\/pages\/11452\/revisions\/21776"}],"wp:featuredmedia":[{"embeddable":true,"href":"https:\/\/solvatten.org\/sv\/wp-json\/wp\/v2\/media\/17804"}],"wp:attachment":[{"href":"https:\/\/solvatten.org\/sv\/wp-json\/wp\/v2\/media?parent=11452"}],"curies":[{"name":"wp","href":"https:\/\/api.w.org\/{rel}","templated":true}]}}