{"id":11453,"date":"2020-05-20T11:19:44","date_gmt":"2020-05-20T10:19:44","guid":{"rendered":"http:\/\/studio.solvatten.org\/?page_id=11453"},"modified":"2022-10-19T15:28:45","modified_gmt":"2022-10-19T13:28:45","slug":"insamlingsstiftelsen","status":"publish","type":"page","link":"https:\/\/solvatten.org\/sv\/insamlingsstiftelsen\/","title":{"rendered":"Solvatten Insamlingsstiftelse"},"content":{"rendered":"\t\t<div data-elementor-type=\"wp-page\" data-elementor-id=\"11453\" class=\"elementor elementor-11453\" data-elementor-post-type=\"page\">\n\t\t\t\t\t\t<section class=\"elementor-section elementor-top-section elementor-element elementor-element-ab8dfb6 elementor-section-full_width elementor-section-height-min-height elementor-section-content-top elementor-section-height-default elementor-section-items-middle\" data-id=\"ab8dfb6\" data-element_type=\"section\" data-settings=\"{&quot;background_background&quot;:&quot;classic&quot;}\">\n\t\t\t\t\t\t\t<div class=\"elementor-background-overlay\"><\/div>\n\t\t\t\t\t\t\t<div class=\"elementor-container elementor-column-gap-no\">\n\t\t\t\t\t<div class=\"elementor-column elementor-col-100 elementor-top-column elementor-element elementor-element-043daf4\" data-id=\"043daf4\" data-element_type=\"column\">\n\t\t\t<div class=\"elementor-widget-wrap elementor-element-populated\">\n\t\t\t\t\t\t<div class=\"elementor-element elementor-element-725d8a3 elementor-widget elementor-widget-heading\" data-id=\"725d8a3\" data-element_type=\"widget\" data-widget_type=\"heading.default\">\n\t\t\t\t<div class=\"elementor-widget-container\">\n\t\t\t\t\t<h4 class=\"elementor-heading-title elementor-size-default\">Solvatten Insamlingsstiftelse<\/h4>\t\t\t\t<\/div>\n\t\t\t\t<\/div>\n\t\t\t\t\t<\/div>\n\t\t<\/div>\n\t\t\t\t\t<\/div>\n\t\t<\/section>\n\t\t\t\t<section class=\"elementor-section elementor-top-section elementor-element elementor-element-c1fd4f7 elementor-section-boxed elementor-section-height-default elementor-section-height-default\" data-id=\"c1fd4f7\" data-element_type=\"section\">\n\t\t\t\t\t\t<div class=\"elementor-container elementor-column-gap-default\">\n\t\t\t\t\t<div class=\"elementor-column elementor-col-100 elementor-top-column elementor-element elementor-element-6d5488e\" data-id=\"6d5488e\" data-element_type=\"column\">\n\t\t\t<div class=\"elementor-widget-wrap elementor-element-populated\">\n\t\t\t\t\t\t<section class=\"elementor-section elementor-inner-section elementor-element elementor-element-d328303 elementor-section-boxed elementor-section-height-default elementor-section-height-default\" data-id=\"d328303\" data-element_type=\"section\">\n\t\t\t\t\t\t<div class=\"elementor-container elementor-column-gap-no\">\n\t\t\t\t\t<div class=\"elementor-column elementor-col-100 elementor-inner-column elementor-element elementor-element-42f9c81\" data-id=\"42f9c81\" data-element_type=\"column\">\n\t\t\t<div class=\"elementor-widget-wrap elementor-element-populated\">\n\t\t\t\t\t\t<div class=\"elementor-element elementor-element-0e49bcd elementor-widget elementor-widget-text-editor\" data-id=\"0e49bcd\" data-element_type=\"widget\" data-widget_type=\"text-editor.default\">\n\t\t\t\t<div class=\"elementor-widget-container\">\n\t\t\t\t\t\t\t\t\t<p>BIDRA TILL EN B\u00c4TTRE V\u00c4RLD<\/p>\t\t\t\t\t\t\t\t<\/div>\n\t\t\t\t<\/div>\n\t\t\t\t<div class=\"elementor-element elementor-element-b1cf3e3 elementor-widget elementor-widget-heading\" data-id=\"b1cf3e3\" data-element_type=\"widget\" data-widget_type=\"heading.default\">\n\t\t\t\t<div class=\"elementor-widget-container\">\n\t\t\t\t\t<h2 class=\"elementor-heading-title elementor-size-default\">Tillsammans g\u00f6r vi skillnad<\/h2>\t\t\t\t<\/div>\n\t\t\t\t<\/div>\n\t\t\t\t\t<\/div>\n\t\t<\/div>\n\t\t\t\t\t<\/div>\n\t\t<\/section>\n\t\t\t\t\t<\/div>\n\t\t<\/div>\n\t\t\t\t\t<\/div>\n\t\t<\/section>\n\t\t\t\t<section class=\"elementor-section elementor-top-section elementor-element elementor-element-e167c03 elementor-section-boxed elementor-section-height-default elementor-section-height-default\" data-id=\"e167c03\" data-element_type=\"section\">\n\t\t\t\t\t\t<div class=\"elementor-container elementor-column-gap-default\">\n\t\t\t\t\t<div class=\"elementor-column elementor-col-100 elementor-top-column elementor-element elementor-element-7a02ea6\" data-id=\"7a02ea6\" data-element_type=\"column\">\n\t\t\t<div class=\"elementor-widget-wrap elementor-element-populated\">\n\t\t\t\t\t\t<div class=\"elementor-element elementor-element-75f213e elementor-widget elementor-widget-text-editor\" data-id=\"75f213e\" data-element_type=\"widget\" data-widget_type=\"text-editor.default\">\n\t\t\t\t<div class=\"elementor-widget-container\">\n\t\t\t\t\t\t\t\t\t<p>Solvatten Insamlingsstiftelse startade h\u00f6sten 2013 med \u00e4ndam\u00e5l att p\u00e5 ett konkret och h\u00e5llbart s\u00e4tt f\u00f6rb\u00e4ttra livsvillkoren f\u00f6r m\u00e4nniskor, framf\u00f6r allt kvinnor samt barn, som lever utan rent vatten.<\/p><p>Solvatten Insamlingsstiftelse organisations nr. 802477-9293, administrerar alla de donationer som kommer fr\u00e5n allm\u00e4nheten och dessa anv\u00e4nder stiftelsen till att genomf\u00f6ra utvalda Solvattenprojekt. Stockholms L\u00e4nsstyrelse och Svensk Insamlingskontroll granskar stiftelsens verksamhet och \u00e4r garanter f\u00f6r att pengar anv\u00e4nds \u00e4ndam\u00e5lsenligt.<\/p><p>En del av\u00a0insamlingsstiftelsens arbete \u00e4r ocks\u00e5 att bedriva id\u00e9- och kampanjarbete f\u00f6r\u00a0att skapa engagemang i Sverige. V\u00e5r ambition \u00e4r att Solvatten Insamlingsstiftelse p\u00e5 sikt\u00a0blir en plattform f\u00f6r internationellt samarbete d\u00e4r man lyfter fram direkta och\u00a0h\u00e5llbara\u00a0l\u00f6sningar f\u00f6r utsatta m\u00e4nniskor och barn.<\/p><p><strong>Swish:<\/strong>\u00a01236847289<br \/><strong><br \/><\/strong><\/p><p><strong>90-konto, Nordea bankgiro:<\/strong>\u00a0900786-5<\/p><h4>Avdragsgill g\u00e5va<\/h4><div><p>Solvatten Insamlingsstiftelse \u00e4r sedan 8 juni 2022 godk\u00e4nd g\u00e5vomottagare f\u00f6r skatteverket. Du som givare till godk\u00e4nda g\u00e5vomottagare kan f\u00e5 skattereduktion p\u00e5 dina g\u00e5vor.<\/p><p>\u00a0<\/p><p>\u00a0<\/p><\/div><p>\u00a0<\/p>\t\t\t\t\t\t\t\t<\/div>\n\t\t\t\t<\/div>\n\t\t\t\t<div class=\"elementor-element elementor-element-c62beb9 elementor-widget elementor-widget-accordion\" data-id=\"c62beb9\" data-element_type=\"widget\" data-widget_type=\"accordion.default\">\n\t\t\t\t<div class=\"elementor-widget-container\">\n\t\t\t\t\t\t\t<div class=\"elementor-accordion\">\n\t\t\t\t\t\t\t<div class=\"elementor-accordion-item\">\n\t\t\t\t\t<div id=\"elementor-tab-title-2071\" class=\"elementor-tab-title\" data-tab=\"1\" role=\"button\" aria-controls=\"elementor-tab-content-2071\" aria-expanded=\"false\">\n\t\t\t\t\t\t\t\t\t\t\t\t\t<span class=\"elementor-accordion-icon elementor-accordion-icon-left\" aria-hidden=\"true\">\n\t\t\t\t\t\t\t\t\t\t\t\t\t\t\t<span class=\"elementor-accordion-icon-closed\"><i class=\"fas fa-plus\"><\/i><\/span>\n\t\t\t\t\t\t\t\t<span class=\"elementor-accordion-icon-opened\"><i class=\"fas fa-minus\"><\/i><\/span>\n\t\t\t\t\t\t\t\t\t\t\t\t\t\t<\/span>\n\t\t\t\t\t\t\t\t\t\t\t\t<a class=\"elementor-accordion-title\" tabindex=\"0\">L\u00e4s mer om avdragsgill g\u00e5va h\u00e4r.<\/a>\n\t\t\t\t\t<\/div>\n\t\t\t\t\t<div id=\"elementor-tab-content-2071\" class=\"elementor-tab-content elementor-clearfix\" data-tab=\"1\" role=\"region\" aria-labelledby=\"elementor-tab-title-2071\"><p><span style=\"color: var( --e-global-color-text ); font-family: var( --e-global-typography-text-font-family ), Sans-serif; font-size: 1rem;\"><b>Vad g\u00e4ller f\u00f6r att f\u00e5 avdragsr\u00e4tt p\u00e5 g\u00e5vor?<\/b><\/span><\/p><p>\u00a0<\/p><ul><li><span style=\"color: var( --e-global-color-text ); font-family: var( --e-global-typography-text-font-family ), Sans-serif; font-size: 1rem;\">Du m\u00e5ste ge en g\u00e5va p\u00e5 minst 200 kr vid varje tillf\u00e4lle<\/span><\/li><li><span style=\"color: var( --e-global-color-text ); font-family: var( --e-global-typography-text-font-family ), Sans-serif; font-size: 1rem;\">Sammanlagt under ett \u00e5r ska du ha sk\u00e4nkt 2000 kr, till en eller flera godk\u00e4nda g\u00e5vomottagare.<\/span><\/li><li><span style=\"color: var( --e-global-color-text ); font-family: var( --e-global-typography-text-font-family ), Sans-serif; font-size: 1rem;\">D\u00e5 f\u00e5r du avdrag p\u00e5 25 % av g\u00e5vobeloppet.<\/span><\/li><li><span style=\"color: var( --e-global-color-text ); font-family: var( --e-global-typography-text-font-family ), Sans-serif; font-size: 1rem;\">Maxbelopp f\u00f6r avdraget \u00e4r 3000 kr, allts\u00e5 kan du g\u00f6ra donationer p\u00e5 som max 12 000 kr per \u00e5r om du vill g\u00f6ra skatteavdrag.<\/span><\/li><\/ul><p><span style=\"color: var( --e-global-color-text ); font-family: var( --e-global-typography-text-font-family ), Sans-serif; font-size: 1rem;\">\u00a0<\/span><\/p><p><span style=\"color: var( --e-global-color-text ); font-family: var( --e-global-typography-text-font-family ), Sans-serif; font-size: 1rem;\">F\u00f6r att kunna ta del av detta beh\u00f6ver du inte g\u00f6ra n\u00e5got f\u00f6rutom att ge oss ditt personnummer s\u00e5 vi kan rapportera in till Skatteverket att du vill g\u00f6ra avdrag.<\/span><\/p><p><span style=\"color: var( --e-global-color-text ); font-family: var( --e-global-typography-text-font-family ), Sans-serif; font-size: 1rem;\">Detta inneb\u00e4r att om du ger 150 kr i m\u00e5naden till oss i dagsl\u00e4get s\u00e5 kan du \u00f6ka till 200 kr i m\u00e5naden utan extra kostnad.<\/span><\/p><p><span style=\"color: var( --e-global-color-text ); font-family: var( --e-global-typography-text-font-family ), Sans-serif; font-size: 1rem;\">Exempel: 200 kr i m\u00e5naden blir\u00a0<\/span><span style=\"color: var( --e-global-color-text ); font-family: var( --e-global-typography-text-font-family ), Sans-serif; font-size: 1rem;\">2400 kr om \u00e5ret. Det motsvarar tv\u00e5 stycken Solvattenbeh\u00e5llare som sk\u00e4nks till de som beh\u00f6ver det allra mest i n\u00e5gra av v\u00e5ra projektl\u00e4nder.<\/span><\/p><p>&#8211; Tv\u00e5 Solvatten hj\u00e4lper tv\u00e5 familjer att f\u00f6rs\u00f6rja sitt vattenbehov<\/p><p>&#8211; 2 ton koldioxid sparas in i j\u00e4mf\u00f6relse med att koka vatten med ved\/kol<\/p><p>&#8211; Detta leder till flera positiva f\u00f6r\u00e4ndringar f\u00f6r m\u00e4nniskor. De frig\u00f6r tid till arbete och skola. Solvatten hj\u00e4lper att sparar pengar (minskar utgiften f\u00f6r kol\/ved).<\/p><p>\u00c4r du intresserad av att \u00f6ka din m\u00e5nadsg\u00e5va och f\u00e5 skattereduktion? Kontakta oss s\u00e5 hj\u00e4lper vi er.\u00a0<span style=\"color: var( --e-global-color-text ); font-family: var( --e-global-typography-text-font-family ), Sans-serif; font-size: 1rem;\">F\u00f6r mer information bes\u00f6k\u00a0<\/span><a href=\"https:\/\/skatteverket.se\/privat\/skatter\/arbeteochinkomst\/skattereduktioner\/skattereduktionforgavor.4.5fc8c94513259a4ba1d800064144.html?q=g\u00e5vomottagarna+skattereduktion\" target=\"_blank\" rel=\"noopener\">Skatteverket<\/a><span style=\"color: var( --e-global-color-text ); font-family: var( --e-global-typography-text-font-family ), Sans-serif; font-size: 1rem;\">.<\/span><\/p><p style=\"-webkit-font-smoothing: antialiased; margin-right: 0px; margin-bottom: 0px; margin-left: 0px; color: #242424; font-family: -apple-system, system-ui, 'Segoe UI', system-ui, 'Apple Color Emoji', 'Segoe UI Emoji', 'Segoe UI Web', sans-serif; font-size: 14px; font-variant-ligatures: normal; orphans: 2; widows: 2; text-decoration-thickness: initial;\">\u00a0<\/p><\/div>\n\t\t\t\t<\/div>\n\t\t\t\t\t\t\t\t<\/div>\n\t\t\t\t\t\t<\/div>\n\t\t\t\t<\/div>\n\t\t\t\t\t<\/div>\n\t\t<\/div>\n\t\t\t\t\t<\/div>\n\t\t<\/section>\n\t\t\t\t<section class=\"elementor-section elementor-top-section elementor-element elementor-element-bd8129a elementor-section-boxed elementor-section-height-default elementor-section-height-default\" data-id=\"bd8129a\" data-element_type=\"section\">\n\t\t\t\t\t\t<div class=\"elementor-container elementor-column-gap-default\">\n\t\t\t\t\t<div class=\"elementor-column elementor-col-100 elementor-top-column elementor-element elementor-element-3bf922d\" data-id=\"3bf922d\" data-element_type=\"column\">\n\t\t\t<div class=\"elementor-widget-wrap elementor-element-populated\">\n\t\t\t\t\t\t<div class=\"elementor-element elementor-element-c444a5a elementor-widget elementor-widget-text-editor\" data-id=\"c444a5a\" data-element_type=\"widget\" data-widget_type=\"text-editor.default\">\n\t\t\t\t<div class=\"elementor-widget-container\">\n\t\t\t\t\t\t\t\t\t<p><\/p>\n<p><br><\/p>\n<h3><b>Styrdokument<\/b><\/h3>\n<p>\u2022&nbsp;<a href=\"https:\/\/solvatten.org\/wp-content\/uploads\/2021\/12\/Stadgar.pdf\" target=\"_blank\" rel=\"noopener\">Stadgar<\/a><\/p>\n<p>\u2022&nbsp;<a href=\"https:\/\/solvatten.org\/wp-content\/uploads\/2021\/12\/Urkund.pdf\" target=\"_blank\" rel=\"noopener\">Urkund<\/a><\/p>\n<p>\u2022&nbsp;<a href=\"https:\/\/solvatten.org\/wp-content\/uploads\/2021\/12\/A\u030aR-SIS.zip\" target=\"_blank\" rel=\"noopener\">A\u030arsredovisning 3 \u00e5r<\/a><\/p>\n<p><span style=\"color: var( --e-global-color-text ); font-family: var( --e-global-typography-text-font-family ), Sans-serif; font-size: 1rem;\"><br><\/span><\/p><p><span style=\"color: var( --e-global-color-text ); font-family: var( --e-global-typography-text-font-family ), Sans-serif; font-size: 1rem;\">Vill Du g\u00f6ra skillnad? Vi s\u00f6ker alltid hj\u00e4lp fr\u00e5n volont\u00e4ra krafter som brinner f\u00f6r milj\u00f6, klimat och globala r\u00e4ttvisefr\u00e5gor.&nbsp;<\/span><\/p>\n<p>Har Du fler fr\u00e5gor om donationer ring 08\/7772905 eller ta kontakt med oss via mejl:&nbsp;<u><a href=\"mailto:info@solvatten.org\">info@solvatten.org<\/a><\/u><\/p><div><br><\/div><p><span style=\"color: var( --e-global-color-text ); font-family: var( --e-global-typography-text-font-family ), Sans-serif; font-size: 1rem;\">Adress:&nbsp;<\/span><\/p>\n<p>Solvatten Insamlingsstiftelse<\/p>\n<p><span style=\"color: var( --e-global-color-text ); font-family: var( --e-global-typography-text-font-family ), Sans-serif; font-size: 1rem;\">Roslagsgatan 56<\/span><\/p>\n<p>113 54 Stockholm<\/p>\n<p>Sverige<\/p>\t\t\t\t\t\t\t\t<\/div>\n\t\t\t\t<\/div>\n\t\t\t\t<div class=\"elementor-element elementor-element-ca40b6f elementor-widget elementor-widget-spacer\" data-id=\"ca40b6f\" data-element_type=\"widget\" data-widget_type=\"spacer.default\">\n\t\t\t\t<div class=\"elementor-widget-container\">\n\t\t\t\t\t\t\t<div class=\"elementor-spacer\">\n\t\t\t<div class=\"elementor-spacer-inner\"><\/div>\n\t\t<\/div>\n\t\t\t\t\t\t<\/div>\n\t\t\t\t<\/div>\n\t\t\t\t<div class=\"elementor-element elementor-element-adda63b elementor-widget elementor-widget-image\" data-id=\"adda63b\" data-element_type=\"widget\" data-widget_type=\"image.default\">\n\t\t\t\t<div class=\"elementor-widget-container\">\n\t\t\t\t\t\t\t\t\t\t\t\t\t\t\t<img decoding=\"async\" width=\"303\" height=\"76\" src=\"https:\/\/solvatten.org\/wp-content\/uploads\/2022\/05\/90konto.png\" class=\"attachment-large size-large wp-image-18175\" alt=\"\" srcset=\"https:\/\/solvatten.org\/wp-content\/uploads\/2022\/05\/90konto.png 303w, https:\/\/solvatten.org\/wp-content\/uploads\/2022\/05\/90konto-300x75.png 300w\" sizes=\"(max-width: 303px) 100vw, 303px\" \/>\t\t\t\t\t\t\t\t\t\t\t\t\t\t\t<\/div>\n\t\t\t\t<\/div>\n\t\t\t\t\t<\/div>\n\t\t<\/div>\n\t\t\t\t\t<\/div>\n\t\t<\/section>\n\t\t\t\t<\/div>\n\t\t","protected":false},"excerpt":{"rendered":"<p>Solvatten Insamlingsstiftelse BIDRA TILL EN B\u00c4TTRE V\u00c4RLD Tillsammans g\u00f6r vi skillnad Solvatten Insamlingsstiftelse startade h\u00f6sten 2013 med \u00e4ndam\u00e5l att p\u00e5 ett konkret och h\u00e5llbart s\u00e4tt f\u00f6rb\u00e4ttra livsvillkoren f\u00f6r m\u00e4nniskor, framf\u00f6r allt kvinnor samt barn, som lever utan rent vatten. Solvatten Insamlingsstiftelse organisations nr. 802477-9293, administrerar alla de donationer som kommer fr\u00e5n allm\u00e4nheten och dessa anv\u00e4nder [&hellip;]<\/p>\n","protected":false},"author":35,"featured_media":15640,"parent":0,"menu_order":0,"comment_status":"closed","ping_status":"closed","template":"elementor_header_footer","meta":{"_acf_changed":false,"footnotes":""},"class_list":["post-11453","page","type-page","status-publish","has-post-thumbnail","hentry"],"acf":[],"yoast_head":"<!-- This site is optimized with the Yoast SEO Premium plugin v24.7 (Yoast SEO v24.7) - https:\/\/yoast.com\/wordpress\/plugins\/seo\/ -->\n<title>Solvatten Insamlingsstiftelse - Sunshine Stories<\/title>\n<meta name=\"description\" content=\"En g\u00e5va som ger rent vatten och framtidshopp. \u00c4ven det lilla kan g\u00f6ra stor skillnad.\" \/>\n<meta name=\"robots\" content=\"index, follow, max-snippet:-1, max-image-preview:large, max-video-preview:-1\" \/>\n<link rel=\"canonical\" href=\"https:\/\/solvatten.org\/sv\/insamlingsstiftelsen\/\" \/>\n<meta property=\"og:locale\" content=\"sv_SE\" \/>\n<meta property=\"og:type\" content=\"article\" \/>\n<meta property=\"og:title\" content=\"Solvatten Insamlingsstiftelse\" \/>\n<meta property=\"og:description\" content=\"En g\u00e5va som ger rent vatten och framtidshopp. \u00c4ven det lilla kan g\u00f6ra stor skillnad.\" \/>\n<meta property=\"og:url\" content=\"https:\/\/solvatten.org\/sv\/insamlingsstiftelsen\/\" \/>\n<meta property=\"og:site_name\" content=\"Sunshine Stories\" \/>\n<meta property=\"article:modified_time\" content=\"2022-10-19T13:28:45+00:00\" \/>\n<meta property=\"og:image\" content=\"https:\/\/solvatten.org\/wp-content\/uploads\/2021\/07\/Solvatten-image.jpg\" \/>\n\t<meta property=\"og:image:width\" content=\"1170\" \/>\n\t<meta property=\"og:image:height\" content=\"1200\" \/>\n\t<meta property=\"og:image:type\" content=\"image\/jpeg\" \/>\n<meta name=\"twitter:card\" content=\"summary_large_image\" \/>\n<meta name=\"twitter:label1\" content=\"Ber\u00e4knad l\u00e4stid\" \/>\n\t<meta name=\"twitter:data1\" content=\"3 minuter\" \/>\n<script type=\"application\/ld+json\" class=\"yoast-schema-graph\">{\"@context\":\"https:\/\/schema.org\",\"@graph\":[{\"@type\":\"WebPage\",\"@id\":\"https:\/\/solvatten.org\/sv\/insamlingsstiftelsen\/\",\"url\":\"https:\/\/solvatten.org\/sv\/insamlingsstiftelsen\/\",\"name\":\"Solvatten Insamlingsstiftelse - Sunshine Stories\",\"isPartOf\":{\"@id\":\"https:\/\/solvatten.org\/sv\/#website\"},\"primaryImageOfPage\":{\"@id\":\"https:\/\/solvatten.org\/sv\/insamlingsstiftelsen\/#primaryimage\"},\"image\":{\"@id\":\"https:\/\/solvatten.org\/sv\/insamlingsstiftelsen\/#primaryimage\"},\"thumbnailUrl\":\"https:\/\/solvatten.org\/wp-content\/uploads\/2021\/07\/Solvatten-image.jpg\",\"datePublished\":\"2020-05-20T10:19:44+00:00\",\"dateModified\":\"2022-10-19T13:28:45+00:00\",\"description\":\"En g\u00e5va som ger rent vatten och framtidshopp. \u00c4ven det lilla kan g\u00f6ra stor skillnad.\",\"breadcrumb\":{\"@id\":\"https:\/\/solvatten.org\/sv\/insamlingsstiftelsen\/#breadcrumb\"},\"inLanguage\":\"sv-SE\",\"potentialAction\":[{\"@type\":\"ReadAction\",\"target\":[\"https:\/\/solvatten.org\/sv\/insamlingsstiftelsen\/\"]}]},{\"@type\":\"ImageObject\",\"inLanguage\":\"sv-SE\",\"@id\":\"https:\/\/solvatten.org\/sv\/insamlingsstiftelsen\/#primaryimage\",\"url\":\"https:\/\/solvatten.org\/wp-content\/uploads\/2021\/07\/Solvatten-image.jpg\",\"contentUrl\":\"https:\/\/solvatten.org\/wp-content\/uploads\/2021\/07\/Solvatten-image.jpg\",\"width\":1170,\"height\":1200},{\"@type\":\"BreadcrumbList\",\"@id\":\"https:\/\/solvatten.org\/sv\/insamlingsstiftelsen\/#breadcrumb\",\"itemListElement\":[{\"@type\":\"ListItem\",\"position\":1,\"name\":\"Home\",\"item\":\"https:\/\/solvatten.org\/sv\/\"},{\"@type\":\"ListItem\",\"position\":2,\"name\":\"Solvatten Insamlingsstiftelse\"}]},{\"@type\":\"WebSite\",\"@id\":\"https:\/\/solvatten.org\/sv\/#website\",\"url\":\"https:\/\/solvatten.org\/sv\/\",\"name\":\"Sunshine Stories\",\"description\":\"Everything Starts With Safe Water\",\"publisher\":{\"@id\":\"https:\/\/solvatten.org\/sv\/#organization\"},\"potentialAction\":[{\"@type\":\"SearchAction\",\"target\":{\"@type\":\"EntryPoint\",\"urlTemplate\":\"https:\/\/solvatten.org\/sv\/?s={search_term_string}\"},\"query-input\":{\"@type\":\"PropertyValueSpecification\",\"valueRequired\":true,\"valueName\":\"search_term_string\"}}],\"inLanguage\":\"sv-SE\"},{\"@type\":\"Organization\",\"@id\":\"https:\/\/solvatten.org\/sv\/#organization\",\"name\":\"Solvatten\",\"url\":\"https:\/\/solvatten.org\/sv\/\",\"logo\":{\"@type\":\"ImageObject\",\"inLanguage\":\"sv-SE\",\"@id\":\"https:\/\/solvatten.org\/sv\/#\/schema\/logo\/image\/\",\"url\":\"https:\/\/solvatten.org\/wp-content\/uploads\/2020\/02\/Solvatten_Logo_Black.png\",\"contentUrl\":\"https:\/\/solvatten.org\/wp-content\/uploads\/2020\/02\/Solvatten_Logo_Black.png\",\"width\":2000,\"height\":535,\"caption\":\"Solvatten\"},\"image\":{\"@id\":\"https:\/\/solvatten.org\/sv\/#\/schema\/logo\/image\/\"}}]}<\/script>\n<!-- \/ Yoast SEO Premium plugin. -->","yoast_head_json":{"title":"Solvatten Insamlingsstiftelse - Sunshine Stories","description":"En g\u00e5va som ger rent vatten och framtidshopp. \u00c4ven det lilla kan g\u00f6ra stor skillnad.","robots":{"index":"index","follow":"follow","max-snippet":"max-snippet:-1","max-image-preview":"max-image-preview:large","max-video-preview":"max-video-preview:-1"},"canonical":"https:\/\/solvatten.org\/sv\/insamlingsstiftelsen\/","og_locale":"sv_SE","og_type":"article","og_title":"Solvatten Insamlingsstiftelse","og_description":"En g\u00e5va som ger rent vatten och framtidshopp. \u00c4ven det lilla kan g\u00f6ra stor skillnad.","og_url":"https:\/\/solvatten.org\/sv\/insamlingsstiftelsen\/","og_site_name":"Sunshine Stories","article_modified_time":"2022-10-19T13:28:45+00:00","og_image":[{"width":1170,"height":1200,"url":"https:\/\/solvatten.org\/wp-content\/uploads\/2021\/07\/Solvatten-image.jpg","type":"image\/jpeg"}],"twitter_card":"summary_large_image","twitter_misc":{"Ber\u00e4knad l\u00e4stid":"3 minuter"},"schema":{"@context":"https:\/\/schema.org","@graph":[{"@type":"WebPage","@id":"https:\/\/solvatten.org\/sv\/insamlingsstiftelsen\/","url":"https:\/\/solvatten.org\/sv\/insamlingsstiftelsen\/","name":"Solvatten Insamlingsstiftelse - Sunshine Stories","isPartOf":{"@id":"https:\/\/solvatten.org\/sv\/#website"},"primaryImageOfPage":{"@id":"https:\/\/solvatten.org\/sv\/insamlingsstiftelsen\/#primaryimage"},"image":{"@id":"https:\/\/solvatten.org\/sv\/insamlingsstiftelsen\/#primaryimage"},"thumbnailUrl":"https:\/\/solvatten.org\/wp-content\/uploads\/2021\/07\/Solvatten-image.jpg","datePublished":"2020-05-20T10:19:44+00:00","dateModified":"2022-10-19T13:28:45+00:00","description":"En g\u00e5va som ger rent vatten och framtidshopp. \u00c4ven det lilla kan g\u00f6ra stor skillnad.","breadcrumb":{"@id":"https:\/\/solvatten.org\/sv\/insamlingsstiftelsen\/#breadcrumb"},"inLanguage":"sv-SE","potentialAction":[{"@type":"ReadAction","target":["https:\/\/solvatten.org\/sv\/insamlingsstiftelsen\/"]}]},{"@type":"ImageObject","inLanguage":"sv-SE","@id":"https:\/\/solvatten.org\/sv\/insamlingsstiftelsen\/#primaryimage","url":"https:\/\/solvatten.org\/wp-content\/uploads\/2021\/07\/Solvatten-image.jpg","contentUrl":"https:\/\/solvatten.org\/wp-content\/uploads\/2021\/07\/Solvatten-image.jpg","width":1170,"height":1200},{"@type":"BreadcrumbList","@id":"https:\/\/solvatten.org\/sv\/insamlingsstiftelsen\/#breadcrumb","itemListElement":[{"@type":"ListItem","position":1,"name":"Home","item":"https:\/\/solvatten.org\/sv\/"},{"@type":"ListItem","position":2,"name":"Solvatten Insamlingsstiftelse"}]},{"@type":"WebSite","@id":"https:\/\/solvatten.org\/sv\/#website","url":"https:\/\/solvatten.org\/sv\/","name":"Sunshine Stories","description":"Everything Starts With Safe Water","publisher":{"@id":"https:\/\/solvatten.org\/sv\/#organization"},"potentialAction":[{"@type":"SearchAction","target":{"@type":"EntryPoint","urlTemplate":"https:\/\/solvatten.org\/sv\/?s={search_term_string}"},"query-input":{"@type":"PropertyValueSpecification","valueRequired":true,"valueName":"search_term_string"}}],"inLanguage":"sv-SE"},{"@type":"Organization","@id":"https:\/\/solvatten.org\/sv\/#organization","name":"Solvatten","url":"https:\/\/solvatten.org\/sv\/","logo":{"@type":"ImageObject","inLanguage":"sv-SE","@id":"https:\/\/solvatten.org\/sv\/#\/schema\/logo\/image\/","url":"https:\/\/solvatten.org\/wp-content\/uploads\/2020\/02\/Solvatten_Logo_Black.png","contentUrl":"https:\/\/solvatten.org\/wp-content\/uploads\/2020\/02\/Solvatten_Logo_Black.png","width":2000,"height":535,"caption":"Solvatten"},"image":{"@id":"https:\/\/solvatten.org\/sv\/#\/schema\/logo\/image\/"}}]}},"_links":{"self":[{"href":"https:\/\/solvatten.org\/sv\/wp-json\/wp\/v2\/pages\/11453","targetHints":{"allow":["GET"]}}],"collection":[{"href":"https:\/\/solvatten.org\/sv\/wp-json\/wp\/v2\/pages"}],"about":[{"href":"https:\/\/solvatten.org\/sv\/wp-json\/wp\/v2\/types\/page"}],"author":[{"embeddable":true,"href":"https:\/\/solvatten.org\/sv\/wp-json\/wp\/v2\/users\/35"}],"replies":[{"embeddable":true,"href":"https:\/\/solvatten.org\/sv\/wp-json\/wp\/v2\/comments?post=11453"}],"version-history":[{"count":0,"href":"https:\/\/solvatten.org\/sv\/wp-json\/wp\/v2\/pages\/11453\/revisions"}],"wp:featuredmedia":[{"embeddable":true,"href":"https:\/\/solvatten.org\/sv\/wp-json\/wp\/v2\/media\/15640"}],"wp:attachment":[{"href":"https:\/\/solvatten.org\/sv\/wp-json\/wp\/v2\/media?parent=11453"}],"curies":[{"name":"wp","href":"https:\/\/api.w.org\/{rel}","templated":true}]}}