{"id":15068,"date":"2020-12-18T09:31:32","date_gmt":"2020-12-18T08:31:32","guid":{"rendered":"https:\/\/solvatten.org\/?page_id=15068"},"modified":"2020-12-18T11:38:03","modified_gmt":"2020-12-18T10:38:03","slug":"tack","status":"publish","type":"page","link":"https:\/\/solvatten.org\/sv\/tack\/","title":{"rendered":"Tack!"},"content":{"rendered":"\t\t<div data-elementor-type=\"wp-page\" data-elementor-id=\"15068\" class=\"elementor elementor-15068\" data-elementor-post-type=\"page\">\n\t\t\t\t\t\t<section class=\"elementor-section elementor-top-section elementor-element elementor-element-10bbaa8 elementor-section-boxed elementor-section-height-default elementor-section-height-default\" data-id=\"10bbaa8\" data-element_type=\"section\">\n\t\t\t\t\t\t<div class=\"elementor-container elementor-column-gap-default\">\n\t\t\t\t\t<div class=\"elementor-column elementor-col-100 elementor-top-column elementor-element elementor-element-df00460\" data-id=\"df00460\" data-element_type=\"column\">\n\t\t\t<div class=\"elementor-widget-wrap elementor-element-populated\">\n\t\t\t\t\t\t<div class=\"elementor-element elementor-element-0edc98b elementor-widget elementor-widget-image\" data-id=\"0edc98b\" data-element_type=\"widget\" data-widget_type=\"image.default\">\n\t\t\t\t<div class=\"elementor-widget-container\">\n\t\t\t\t\t\t\t\t\t\t\t\t\t\t\t<img fetchpriority=\"high\" decoding=\"async\" width=\"768\" height=\"1155\" src=\"https:\/\/solvatten.org\/wp-content\/uploads\/2020\/05\/40F1BB89-A086-4169-A8F8-F6DA524D495B_1_201_a-768x1155.jpeg\" class=\"attachment-medium_large size-medium_large wp-image-10773\" alt=\"A Women Saving Group using Solvatten to improve health, reduce use of fuelwood and support female small-scale business opportunities\" srcset=\"https:\/\/solvatten.org\/wp-content\/uploads\/2020\/05\/40F1BB89-A086-4169-A8F8-F6DA524D495B_1_201_a-768x1155.jpeg 768w, https:\/\/solvatten.org\/wp-content\/uploads\/2020\/05\/40F1BB89-A086-4169-A8F8-F6DA524D495B_1_201_a-199x300.jpeg 199w, https:\/\/solvatten.org\/wp-content\/uploads\/2020\/05\/40F1BB89-A086-4169-A8F8-F6DA524D495B_1_201_a-681x1024.jpeg 681w, https:\/\/solvatten.org\/wp-content\/uploads\/2020\/05\/40F1BB89-A086-4169-A8F8-F6DA524D495B_1_201_a-1021x1536.jpeg 1021w, https:\/\/solvatten.org\/wp-content\/uploads\/2020\/05\/40F1BB89-A086-4169-A8F8-F6DA524D495B_1_201_a-scaled.jpeg 1362w\" sizes=\"(max-width: 768px) 100vw, 768px\" \/>\t\t\t\t\t\t\t\t\t\t\t\t\t\t\t<\/div>\n\t\t\t\t<\/div>\n\t\t\t\t\t<\/div>\n\t\t<\/div>\n\t\t\t\t\t<\/div>\n\t\t<\/section>\n\t\t\t\t<section class=\"elementor-section elementor-top-section elementor-element elementor-element-9512739 elementor-section-boxed elementor-section-height-default elementor-section-height-default\" data-id=\"9512739\" data-element_type=\"section\">\n\t\t\t\t\t\t<div class=\"elementor-container elementor-column-gap-default\">\n\t\t\t\t\t<div class=\"elementor-column elementor-col-100 elementor-top-column elementor-element elementor-element-4d4115a\" data-id=\"4d4115a\" data-element_type=\"column\">\n\t\t\t<div class=\"elementor-widget-wrap elementor-element-populated\">\n\t\t\t\t\t\t<div class=\"elementor-element elementor-element-0563693 elementor-widget elementor-widget-heading\" data-id=\"0563693\" data-element_type=\"widget\" data-widget_type=\"heading.default\">\n\t\t\t\t<div class=\"elementor-widget-container\">\n\t\t\t\t\t<h2 class=\"elementor-heading-title elementor-size-default\">Tack f\u00f6r din g\u00e5va!<\/h2>\t\t\t\t<\/div>\n\t\t\t\t<\/div>\n\t\t\t\t\t<\/div>\n\t\t<\/div>\n\t\t\t\t\t<\/div>\n\t\t<\/section>\n\t\t\t\t<section class=\"elementor-section elementor-top-section elementor-element elementor-element-4790376 elementor-section-boxed elementor-section-height-default elementor-section-height-default\" data-id=\"4790376\" data-element_type=\"section\">\n\t\t\t\t\t\t<div class=\"elementor-container elementor-column-gap-default\">\n\t\t\t\t\t<div class=\"elementor-column elementor-col-100 elementor-top-column elementor-element elementor-element-597a0e5\" data-id=\"597a0e5\" data-element_type=\"column\">\n\t\t\t<div class=\"elementor-widget-wrap elementor-element-populated\">\n\t\t\t\t\t\t<div class=\"elementor-element elementor-element-8981853 elementor-widget elementor-widget-text-editor\" data-id=\"8981853\" data-element_type=\"widget\" data-widget_type=\"text-editor.default\">\n\t\t\t\t<div class=\"elementor-widget-container\">\n\t\t\t\t\t\t\t\t\t<p>En bekr\u00e4ftelse p\u00e5 din g\u00e5va har skickats via mejl till dig.<\/p>\n<p>Ta del av v\u00e5ra solskenshistorier p\u00e5 sociala medier och nyhetsbrev.<\/p>\t\t\t\t\t\t\t\t<\/div>\n\t\t\t\t<\/div>\n\t\t\t\t<div class=\"elementor-element elementor-element-8782e28 elementor-widget elementor-widget-spacer\" data-id=\"8782e28\" data-element_type=\"widget\" data-widget_type=\"spacer.default\">\n\t\t\t\t<div class=\"elementor-widget-container\">\n\t\t\t\t\t\t\t<div class=\"elementor-spacer\">\n\t\t\t<div class=\"elementor-spacer-inner\"><\/div>\n\t\t<\/div>\n\t\t\t\t\t\t<\/div>\n\t\t\t\t<\/div>\n\t\t\t\t\t<\/div>\n\t\t<\/div>\n\t\t\t\t\t<\/div>\n\t\t<\/section>\n\t\t\t\t<\/div>\n\t\t","protected":false},"excerpt":{"rendered":"<p>Tack f\u00f6r din g\u00e5va! En bekr\u00e4ftelse p\u00e5 din g\u00e5va har skickats via mejl till dig. Ta del av v\u00e5ra solskenshistorier p\u00e5 sociala medier och nyhetsbrev.<\/p>\n","protected":false},"author":35,"featured_media":12567,"parent":0,"menu_order":0,"comment_status":"closed","ping_status":"closed","template":"elementor_header_footer","meta":{"_acf_changed":false,"footnotes":""},"class_list":["post-15068","page","type-page","status-publish","has-post-thumbnail","hentry"],"acf":[],"yoast_head":"<!-- This site is optimized with the Yoast SEO Premium plugin v24.7 (Yoast SEO v24.7) - https:\/\/yoast.com\/wordpress\/plugins\/seo\/ -->\n<title>Tack! - Sunshine Stories<\/title>\n<meta name=\"robots\" content=\"index, follow, max-snippet:-1, max-image-preview:large, max-video-preview:-1\" \/>\n<link rel=\"canonical\" href=\"https:\/\/solvatten.org\/sv\/tack\/\" \/>\n<meta property=\"og:locale\" content=\"sv_SE\" \/>\n<meta property=\"og:type\" content=\"article\" \/>\n<meta property=\"og:title\" content=\"Tack!\" \/>\n<meta property=\"og:description\" content=\"Tack f\u00f6r din g\u00e5va! En bekr\u00e4ftelse p\u00e5 din g\u00e5va har skickats via mejl till dig. Ta del av v\u00e5ra solskenshistorier p\u00e5 sociala medier och nyhetsbrev.\" \/>\n<meta property=\"og:url\" content=\"https:\/\/solvatten.org\/sv\/tack\/\" \/>\n<meta property=\"og:site_name\" content=\"Sunshine Stories\" \/>\n<meta property=\"article:modified_time\" content=\"2020-12-18T10:38:03+00:00\" \/>\n<meta property=\"og:image\" content=\"https:\/\/solvatten.org\/wp-content\/uploads\/2020\/09\/kinondo-mothers.jpg\" \/>\n\t<meta property=\"og:image:width\" content=\"1392\" \/>\n\t<meta property=\"og:image:height\" content=\"1044\" \/>\n\t<meta property=\"og:image:type\" content=\"image\/jpeg\" \/>\n<meta name=\"twitter:card\" content=\"summary_large_image\" \/>\n<script type=\"application\/ld+json\" class=\"yoast-schema-graph\">{\"@context\":\"https:\/\/schema.org\",\"@graph\":[{\"@type\":\"WebPage\",\"@id\":\"https:\/\/solvatten.org\/sv\/tack\/\",\"url\":\"https:\/\/solvatten.org\/sv\/tack\/\",\"name\":\"Tack! - Sunshine Stories\",\"isPartOf\":{\"@id\":\"https:\/\/solvatten.org\/sv\/#website\"},\"primaryImageOfPage\":{\"@id\":\"https:\/\/solvatten.org\/sv\/tack\/#primaryimage\"},\"image\":{\"@id\":\"https:\/\/solvatten.org\/sv\/tack\/#primaryimage\"},\"thumbnailUrl\":\"https:\/\/solvatten.org\/wp-content\/uploads\/2020\/09\/kinondo-mothers.jpg\",\"datePublished\":\"2020-12-18T08:31:32+00:00\",\"dateModified\":\"2020-12-18T10:38:03+00:00\",\"breadcrumb\":{\"@id\":\"https:\/\/solvatten.org\/sv\/tack\/#breadcrumb\"},\"inLanguage\":\"sv-SE\",\"potentialAction\":[{\"@type\":\"ReadAction\",\"target\":[\"https:\/\/solvatten.org\/sv\/tack\/\"]}]},{\"@type\":\"ImageObject\",\"inLanguage\":\"sv-SE\",\"@id\":\"https:\/\/solvatten.org\/sv\/tack\/#primaryimage\",\"url\":\"https:\/\/solvatten.org\/wp-content\/uploads\/2020\/09\/kinondo-mothers.jpg\",\"contentUrl\":\"https:\/\/solvatten.org\/wp-content\/uploads\/2020\/09\/kinondo-mothers.jpg\",\"width\":1392,\"height\":1044},{\"@type\":\"BreadcrumbList\",\"@id\":\"https:\/\/solvatten.org\/sv\/tack\/#breadcrumb\",\"itemListElement\":[{\"@type\":\"ListItem\",\"position\":1,\"name\":\"Home\",\"item\":\"https:\/\/solvatten.org\/sv\/\"},{\"@type\":\"ListItem\",\"position\":2,\"name\":\"Tack!\"}]},{\"@type\":\"WebSite\",\"@id\":\"https:\/\/solvatten.org\/sv\/#website\",\"url\":\"https:\/\/solvatten.org\/sv\/\",\"name\":\"Sunshine Stories\",\"description\":\"Everything Starts With Safe Water\",\"publisher\":{\"@id\":\"https:\/\/solvatten.org\/sv\/#organization\"},\"potentialAction\":[{\"@type\":\"SearchAction\",\"target\":{\"@type\":\"EntryPoint\",\"urlTemplate\":\"https:\/\/solvatten.org\/sv\/?s={search_term_string}\"},\"query-input\":{\"@type\":\"PropertyValueSpecification\",\"valueRequired\":true,\"valueName\":\"search_term_string\"}}],\"inLanguage\":\"sv-SE\"},{\"@type\":\"Organization\",\"@id\":\"https:\/\/solvatten.org\/sv\/#organization\",\"name\":\"Solvatten\",\"url\":\"https:\/\/solvatten.org\/sv\/\",\"logo\":{\"@type\":\"ImageObject\",\"inLanguage\":\"sv-SE\",\"@id\":\"https:\/\/solvatten.org\/sv\/#\/schema\/logo\/image\/\",\"url\":\"https:\/\/solvatten.org\/wp-content\/uploads\/2020\/02\/Solvatten_Logo_Black.png\",\"contentUrl\":\"https:\/\/solvatten.org\/wp-content\/uploads\/2020\/02\/Solvatten_Logo_Black.png\",\"width\":2000,\"height\":535,\"caption\":\"Solvatten\"},\"image\":{\"@id\":\"https:\/\/solvatten.org\/sv\/#\/schema\/logo\/image\/\"}}]}<\/script>\n<!-- \/ Yoast SEO Premium plugin. -->","yoast_head_json":{"title":"Tack! - Sunshine Stories","robots":{"index":"index","follow":"follow","max-snippet":"max-snippet:-1","max-image-preview":"max-image-preview:large","max-video-preview":"max-video-preview:-1"},"canonical":"https:\/\/solvatten.org\/sv\/tack\/","og_locale":"sv_SE","og_type":"article","og_title":"Tack!","og_description":"Tack f\u00f6r din g\u00e5va! En bekr\u00e4ftelse p\u00e5 din g\u00e5va har skickats via mejl till dig. Ta del av v\u00e5ra solskenshistorier p\u00e5 sociala medier och nyhetsbrev.","og_url":"https:\/\/solvatten.org\/sv\/tack\/","og_site_name":"Sunshine Stories","article_modified_time":"2020-12-18T10:38:03+00:00","og_image":[{"width":1392,"height":1044,"url":"https:\/\/solvatten.org\/wp-content\/uploads\/2020\/09\/kinondo-mothers.jpg","type":"image\/jpeg"}],"twitter_card":"summary_large_image","schema":{"@context":"https:\/\/schema.org","@graph":[{"@type":"WebPage","@id":"https:\/\/solvatten.org\/sv\/tack\/","url":"https:\/\/solvatten.org\/sv\/tack\/","name":"Tack! - Sunshine Stories","isPartOf":{"@id":"https:\/\/solvatten.org\/sv\/#website"},"primaryImageOfPage":{"@id":"https:\/\/solvatten.org\/sv\/tack\/#primaryimage"},"image":{"@id":"https:\/\/solvatten.org\/sv\/tack\/#primaryimage"},"thumbnailUrl":"https:\/\/solvatten.org\/wp-content\/uploads\/2020\/09\/kinondo-mothers.jpg","datePublished":"2020-12-18T08:31:32+00:00","dateModified":"2020-12-18T10:38:03+00:00","breadcrumb":{"@id":"https:\/\/solvatten.org\/sv\/tack\/#breadcrumb"},"inLanguage":"sv-SE","potentialAction":[{"@type":"ReadAction","target":["https:\/\/solvatten.org\/sv\/tack\/"]}]},{"@type":"ImageObject","inLanguage":"sv-SE","@id":"https:\/\/solvatten.org\/sv\/tack\/#primaryimage","url":"https:\/\/solvatten.org\/wp-content\/uploads\/2020\/09\/kinondo-mothers.jpg","contentUrl":"https:\/\/solvatten.org\/wp-content\/uploads\/2020\/09\/kinondo-mothers.jpg","width":1392,"height":1044},{"@type":"BreadcrumbList","@id":"https:\/\/solvatten.org\/sv\/tack\/#breadcrumb","itemListElement":[{"@type":"ListItem","position":1,"name":"Home","item":"https:\/\/solvatten.org\/sv\/"},{"@type":"ListItem","position":2,"name":"Tack!"}]},{"@type":"WebSite","@id":"https:\/\/solvatten.org\/sv\/#website","url":"https:\/\/solvatten.org\/sv\/","name":"Sunshine Stories","description":"Everything Starts With Safe Water","publisher":{"@id":"https:\/\/solvatten.org\/sv\/#organization"},"potentialAction":[{"@type":"SearchAction","target":{"@type":"EntryPoint","urlTemplate":"https:\/\/solvatten.org\/sv\/?s={search_term_string}"},"query-input":{"@type":"PropertyValueSpecification","valueRequired":true,"valueName":"search_term_string"}}],"inLanguage":"sv-SE"},{"@type":"Organization","@id":"https:\/\/solvatten.org\/sv\/#organization","name":"Solvatten","url":"https:\/\/solvatten.org\/sv\/","logo":{"@type":"ImageObject","inLanguage":"sv-SE","@id":"https:\/\/solvatten.org\/sv\/#\/schema\/logo\/image\/","url":"https:\/\/solvatten.org\/wp-content\/uploads\/2020\/02\/Solvatten_Logo_Black.png","contentUrl":"https:\/\/solvatten.org\/wp-content\/uploads\/2020\/02\/Solvatten_Logo_Black.png","width":2000,"height":535,"caption":"Solvatten"},"image":{"@id":"https:\/\/solvatten.org\/sv\/#\/schema\/logo\/image\/"}}]}},"_links":{"self":[{"href":"https:\/\/solvatten.org\/sv\/wp-json\/wp\/v2\/pages\/15068","targetHints":{"allow":["GET"]}}],"collection":[{"href":"https:\/\/solvatten.org\/sv\/wp-json\/wp\/v2\/pages"}],"about":[{"href":"https:\/\/solvatten.org\/sv\/wp-json\/wp\/v2\/types\/page"}],"author":[{"embeddable":true,"href":"https:\/\/solvatten.org\/sv\/wp-json\/wp\/v2\/users\/35"}],"replies":[{"embeddable":true,"href":"https:\/\/solvatten.org\/sv\/wp-json\/wp\/v2\/comments?post=15068"}],"version-history":[{"count":0,"href":"https:\/\/solvatten.org\/sv\/wp-json\/wp\/v2\/pages\/15068\/revisions"}],"wp:featuredmedia":[{"embeddable":true,"href":"https:\/\/solvatten.org\/sv\/wp-json\/wp\/v2\/media\/12567"}],"wp:attachment":[{"href":"https:\/\/solvatten.org\/sv\/wp-json\/wp\/v2\/media?parent=15068"}],"curies":[{"name":"wp","href":"https:\/\/api.w.org\/{rel}","templated":true}]}}