{"id":16844,"date":"2021-11-17T14:23:57","date_gmt":"2021-11-17T13:23:57","guid":{"rendered":"https:\/\/solvatten.org\/?page_id=16844"},"modified":"2021-11-22T16:38:53","modified_gmt":"2021-11-22T15:38:53","slug":"tack-julkampanj","status":"publish","type":"page","link":"https:\/\/solvatten.org\/sv\/tack-julkampanj\/","title":{"rendered":"Tack &#8211; Julkampanj"},"content":{"rendered":"\t\t<div data-elementor-type=\"wp-page\" data-elementor-id=\"16844\" class=\"elementor elementor-16844\" data-elementor-post-type=\"page\">\n\t\t\t\t\t\t<section class=\"elementor-section elementor-top-section elementor-element elementor-element-9512739 elementor-section-boxed elementor-section-height-default elementor-section-height-default\" data-id=\"9512739\" data-element_type=\"section\">\n\t\t\t\t\t\t<div class=\"elementor-container elementor-column-gap-default\">\n\t\t\t\t\t<div class=\"elementor-column elementor-col-100 elementor-top-column elementor-element elementor-element-4d4115a\" data-id=\"4d4115a\" data-element_type=\"column\">\n\t\t\t<div class=\"elementor-widget-wrap elementor-element-populated\">\n\t\t\t\t\t\t<div class=\"elementor-element elementor-element-41c031c elementor-widget elementor-widget-spacer\" data-id=\"41c031c\" data-element_type=\"widget\" data-widget_type=\"spacer.default\">\n\t\t\t\t<div class=\"elementor-widget-container\">\n\t\t\t\t\t\t\t<div class=\"elementor-spacer\">\n\t\t\t<div class=\"elementor-spacer-inner\"><\/div>\n\t\t<\/div>\n\t\t\t\t\t\t<\/div>\n\t\t\t\t<\/div>\n\t\t\t\t\t<\/div>\n\t\t<\/div>\n\t\t\t\t\t<\/div>\n\t\t<\/section>\n\t\t\t\t<section class=\"elementor-section elementor-top-section elementor-element elementor-element-10bbaa8 elementor-section-boxed elementor-section-height-default elementor-section-height-default\" data-id=\"10bbaa8\" data-element_type=\"section\">\n\t\t\t\t\t\t<div class=\"elementor-container elementor-column-gap-default\">\n\t\t\t\t\t<div class=\"elementor-column elementor-col-100 elementor-top-column elementor-element elementor-element-df00460\" data-id=\"df00460\" data-element_type=\"column\">\n\t\t\t<div class=\"elementor-widget-wrap elementor-element-populated\">\n\t\t\t\t\t\t<section class=\"elementor-section elementor-inner-section elementor-element elementor-element-24c7a7d elementor-section-boxed elementor-section-height-default elementor-section-height-default\" data-id=\"24c7a7d\" data-element_type=\"section\">\n\t\t\t\t\t\t<div class=\"elementor-container elementor-column-gap-default\">\n\t\t\t\t\t<div class=\"elementor-column elementor-col-50 elementor-inner-column elementor-element elementor-element-519a634\" data-id=\"519a634\" data-element_type=\"column\">\n\t\t\t<div class=\"elementor-widget-wrap elementor-element-populated\">\n\t\t\t\t\t\t<div class=\"elementor-element elementor-element-0edc98b elementor-widget elementor-widget-image\" data-id=\"0edc98b\" data-element_type=\"widget\" data-widget_type=\"image.default\">\n\t\t\t\t<div class=\"elementor-widget-container\">\n\t\t\t\t\t\t\t\t\t\t\t\t\t\t\t<img fetchpriority=\"high\" decoding=\"async\" width=\"768\" height=\"1155\" src=\"https:\/\/solvatten.org\/wp-content\/uploads\/2020\/05\/40F1BB89-A086-4169-A8F8-F6DA524D495B_1_201_a-768x1155.jpeg\" class=\"attachment-medium_large size-medium_large wp-image-10773\" alt=\"A Women Saving Group using Solvatten to improve health, reduce use of fuelwood and support female small-scale business opportunities\" srcset=\"https:\/\/solvatten.org\/wp-content\/uploads\/2020\/05\/40F1BB89-A086-4169-A8F8-F6DA524D495B_1_201_a-768x1155.jpeg 768w, https:\/\/solvatten.org\/wp-content\/uploads\/2020\/05\/40F1BB89-A086-4169-A8F8-F6DA524D495B_1_201_a-199x300.jpeg 199w, https:\/\/solvatten.org\/wp-content\/uploads\/2020\/05\/40F1BB89-A086-4169-A8F8-F6DA524D495B_1_201_a-681x1024.jpeg 681w, https:\/\/solvatten.org\/wp-content\/uploads\/2020\/05\/40F1BB89-A086-4169-A8F8-F6DA524D495B_1_201_a-1021x1536.jpeg 1021w, https:\/\/solvatten.org\/wp-content\/uploads\/2020\/05\/40F1BB89-A086-4169-A8F8-F6DA524D495B_1_201_a-scaled.jpeg 1362w\" sizes=\"(max-width: 768px) 100vw, 768px\" \/>\t\t\t\t\t\t\t\t\t\t\t\t\t\t\t<\/div>\n\t\t\t\t<\/div>\n\t\t\t\t\t<\/div>\n\t\t<\/div>\n\t\t\t\t<div class=\"elementor-column elementor-col-50 elementor-inner-column elementor-element elementor-element-6d66283\" data-id=\"6d66283\" data-element_type=\"column\">\n\t\t\t<div class=\"elementor-widget-wrap elementor-element-populated\">\n\t\t\t\t\t\t<div class=\"elementor-element elementor-element-0563693 elementor-widget elementor-widget-heading\" data-id=\"0563693\" data-element_type=\"widget\" data-widget_type=\"heading.default\">\n\t\t\t\t<div class=\"elementor-widget-container\">\n\t\t\t\t\t<h2 class=\"elementor-heading-title elementor-size-default\">Tack f\u00f6r din g\u00e5va!<\/h2>\t\t\t\t<\/div>\n\t\t\t\t<\/div>\n\t\t\t\t<div class=\"elementor-element elementor-element-95cd25a elementor-widget elementor-widget-text-editor\" data-id=\"95cd25a\" data-element_type=\"widget\" data-widget_type=\"text-editor.default\">\n\t\t\t\t<div class=\"elementor-widget-container\">\n\t\t\t\t\t\t\t\t\t<p>\u00d6ver tv\u00e5 miljarder m\u00e4nniskor saknar tillg\u00e5ng till rent vatten i hemmet. Detta f\u00e5r f\u00f6r\u00f6dande konsekvenser f\u00f6r m\u00e4nniska, milj\u00f6 och klimatet. Solvatten \u00e4r en svensk innovation som renar och v\u00e4rmer vatten med hj\u00e4lp av solens energi. Tack f\u00f6r att du \u00e4r med och bidrar till mer rent vatten.<\/p>\t\t\t\t\t\t\t\t<\/div>\n\t\t\t\t<\/div>\n\t\t\t\t<div class=\"elementor-element elementor-element-fc9ab19 elementor-widget elementor-widget-image\" data-id=\"fc9ab19\" data-element_type=\"widget\" data-widget_type=\"image.default\">\n\t\t\t\t<div class=\"elementor-widget-container\">\n\t\t\t\t\t\t\t\t\t\t\t\t\t\t\t<img decoding=\"async\" width=\"300\" height=\"300\" src=\"https:\/\/solvatten.org\/wp-content\/uploads\/2021\/11\/Solvatten-Mockup-300x300.png\" class=\"attachment-medium size-medium wp-image-17020\" alt=\"\" srcset=\"https:\/\/solvatten.org\/wp-content\/uploads\/2021\/11\/Solvatten-Mockup-300x300.png 300w, https:\/\/solvatten.org\/wp-content\/uploads\/2021\/11\/Solvatten-Mockup-1024x1024.png 1024w, https:\/\/solvatten.org\/wp-content\/uploads\/2021\/11\/Solvatten-Mockup-150x150.png 150w, https:\/\/solvatten.org\/wp-content\/uploads\/2021\/11\/Solvatten-Mockup-768x768.png 768w, https:\/\/solvatten.org\/wp-content\/uploads\/2021\/11\/Solvatten-Mockup.png 1080w\" sizes=\"(max-width: 300px) 100vw, 300px\" \/>\t\t\t\t\t\t\t\t\t\t\t\t\t\t\t<\/div>\n\t\t\t\t<\/div>\n\t\t\t\t<div class=\"elementor-element elementor-element-13b218e elementor-widget elementor-widget-text-editor\" data-id=\"13b218e\" data-element_type=\"widget\" data-widget_type=\"text-editor.default\">\n\t\t\t\t<div class=\"elementor-widget-container\">\n\t\t\t\t\t\t\t\t\t<p><strong>Som tack f\u00f6r er julg\u00e5va f\u00e5r ni ta del av ett kampanjkit inneh\u00e5llande:<\/strong><\/p><p>&#8211; Digitalt g\u00e5vobevis<\/p><p>&#8211; Mailsignatur<\/p><p>&#8211; Underlag till sociala medier<\/p>\t\t\t\t\t\t\t\t<\/div>\n\t\t\t\t<\/div>\n\t\t\t\t<div class=\"elementor-element elementor-element-72f42a2 elementor-widget elementor-widget-button\" data-id=\"72f42a2\" data-element_type=\"widget\" data-widget_type=\"button.default\">\n\t\t\t\t<div class=\"elementor-widget-container\">\n\t\t\t\t\t\t\t\t\t<div class=\"elementor-button-wrapper\">\n\t\t\t\t\t<a class=\"elementor-button elementor-button-link elementor-size-sm\" href=\"https:\/\/solvatten.org\/wp-content\/uploads\/2021\/11\/Solvatten-Kit-2021.zip\">\n\t\t\t\t\t\t<span class=\"elementor-button-content-wrapper\">\n\t\t\t\t\t\t\t\t\t<span class=\"elementor-button-text\">Ladda ned allt h\u00e4r<\/span>\n\t\t\t\t\t<\/span>\n\t\t\t\t\t<\/a>\n\t\t\t\t<\/div>\n\t\t\t\t\t\t\t\t<\/div>\n\t\t\t\t<\/div>\n\t\t\t\t\t<\/div>\n\t\t<\/div>\n\t\t\t\t\t<\/div>\n\t\t<\/section>\n\t\t\t\t<div class=\"elementor-element elementor-element-afe06fa elementor-widget elementor-widget-spacer\" data-id=\"afe06fa\" data-element_type=\"widget\" data-widget_type=\"spacer.default\">\n\t\t\t\t<div class=\"elementor-widget-container\">\n\t\t\t\t\t\t\t<div class=\"elementor-spacer\">\n\t\t\t<div class=\"elementor-spacer-inner\"><\/div>\n\t\t<\/div>\n\t\t\t\t\t\t<\/div>\n\t\t\t\t<\/div>\n\t\t\t\t\t<\/div>\n\t\t<\/div>\n\t\t\t\t\t<\/div>\n\t\t<\/section>\n\t\t\t\t<\/div>\n\t\t","protected":false},"excerpt":{"rendered":"<p>Tack f\u00f6r din g\u00e5va! \u00d6ver tv\u00e5 miljarder m\u00e4nniskor saknar tillg\u00e5ng till rent vatten i hemmet. Detta f\u00e5r f\u00f6r\u00f6dande konsekvenser f\u00f6r m\u00e4nniska, milj\u00f6 och klimatet. Solvatten \u00e4r en svensk innovation som renar och v\u00e4rmer vatten med hj\u00e4lp av solens energi. Tack f\u00f6r att du \u00e4r med och bidrar till mer rent vatten. Som tack f\u00f6r er [&hellip;]<\/p>\n","protected":false},"author":25,"featured_media":15640,"parent":0,"menu_order":0,"comment_status":"closed","ping_status":"closed","template":"elementor_header_footer","meta":{"_acf_changed":false,"footnotes":""},"class_list":["post-16844","page","type-page","status-publish","has-post-thumbnail","hentry"],"acf":[],"yoast_head":"<!-- This site is optimized with the Yoast SEO Premium plugin v24.7 (Yoast SEO v24.7) - https:\/\/yoast.com\/wordpress\/plugins\/seo\/ -->\n<title>Tack - Julkampanj - Sunshine Stories<\/title>\n<meta name=\"robots\" content=\"index, follow, max-snippet:-1, max-image-preview:large, max-video-preview:-1\" \/>\n<link rel=\"canonical\" href=\"https:\/\/solvatten.org\/sv\/tack-julkampanj\/\" \/>\n<meta property=\"og:locale\" content=\"sv_SE\" \/>\n<meta property=\"og:type\" content=\"article\" \/>\n<meta property=\"og:title\" content=\"Tack - Julkampanj\" \/>\n<meta property=\"og:description\" content=\"Tack f\u00f6r din g\u00e5va! \u00d6ver tv\u00e5 miljarder m\u00e4nniskor saknar tillg\u00e5ng till rent vatten i hemmet. Detta f\u00e5r f\u00f6r\u00f6dande konsekvenser f\u00f6r m\u00e4nniska, milj\u00f6 och klimatet. Solvatten \u00e4r en svensk innovation som renar och v\u00e4rmer vatten med hj\u00e4lp av solens energi. Tack f\u00f6r att du \u00e4r med och bidrar till mer rent vatten. Som tack f\u00f6r er [&hellip;]\" \/>\n<meta property=\"og:url\" content=\"https:\/\/solvatten.org\/sv\/tack-julkampanj\/\" \/>\n<meta property=\"og:site_name\" content=\"Sunshine Stories\" \/>\n<meta property=\"article:modified_time\" content=\"2021-11-22T15:38:53+00:00\" \/>\n<meta property=\"og:image\" content=\"https:\/\/solvatten.org\/wp-content\/uploads\/2021\/07\/Solvatten-image.jpg\" \/>\n\t<meta property=\"og:image:width\" content=\"1170\" \/>\n\t<meta property=\"og:image:height\" content=\"1200\" \/>\n\t<meta property=\"og:image:type\" content=\"image\/jpeg\" \/>\n<meta name=\"twitter:card\" content=\"summary_large_image\" \/>\n<meta name=\"twitter:label1\" content=\"Ber\u00e4knad l\u00e4stid\" \/>\n\t<meta name=\"twitter:data1\" content=\"1 minut\" \/>\n<script type=\"application\/ld+json\" class=\"yoast-schema-graph\">{\"@context\":\"https:\/\/schema.org\",\"@graph\":[{\"@type\":\"WebPage\",\"@id\":\"https:\/\/solvatten.org\/sv\/tack-julkampanj\/\",\"url\":\"https:\/\/solvatten.org\/sv\/tack-julkampanj\/\",\"name\":\"Tack - Julkampanj - Sunshine Stories\",\"isPartOf\":{\"@id\":\"https:\/\/solvatten.org\/sv\/#website\"},\"primaryImageOfPage\":{\"@id\":\"https:\/\/solvatten.org\/sv\/tack-julkampanj\/#primaryimage\"},\"image\":{\"@id\":\"https:\/\/solvatten.org\/sv\/tack-julkampanj\/#primaryimage\"},\"thumbnailUrl\":\"https:\/\/solvatten.org\/wp-content\/uploads\/2021\/07\/Solvatten-image.jpg\",\"datePublished\":\"2021-11-17T13:23:57+00:00\",\"dateModified\":\"2021-11-22T15:38:53+00:00\",\"breadcrumb\":{\"@id\":\"https:\/\/solvatten.org\/sv\/tack-julkampanj\/#breadcrumb\"},\"inLanguage\":\"sv-SE\",\"potentialAction\":[{\"@type\":\"ReadAction\",\"target\":[\"https:\/\/solvatten.org\/sv\/tack-julkampanj\/\"]}]},{\"@type\":\"ImageObject\",\"inLanguage\":\"sv-SE\",\"@id\":\"https:\/\/solvatten.org\/sv\/tack-julkampanj\/#primaryimage\",\"url\":\"https:\/\/solvatten.org\/wp-content\/uploads\/2021\/07\/Solvatten-image.jpg\",\"contentUrl\":\"https:\/\/solvatten.org\/wp-content\/uploads\/2021\/07\/Solvatten-image.jpg\",\"width\":1170,\"height\":1200},{\"@type\":\"BreadcrumbList\",\"@id\":\"https:\/\/solvatten.org\/sv\/tack-julkampanj\/#breadcrumb\",\"itemListElement\":[{\"@type\":\"ListItem\",\"position\":1,\"name\":\"Home\",\"item\":\"https:\/\/solvatten.org\/sv\/\"},{\"@type\":\"ListItem\",\"position\":2,\"name\":\"Tack &#8211; Julkampanj\"}]},{\"@type\":\"WebSite\",\"@id\":\"https:\/\/solvatten.org\/sv\/#website\",\"url\":\"https:\/\/solvatten.org\/sv\/\",\"name\":\"Sunshine Stories\",\"description\":\"Everything Starts With Safe Water\",\"publisher\":{\"@id\":\"https:\/\/solvatten.org\/sv\/#organization\"},\"potentialAction\":[{\"@type\":\"SearchAction\",\"target\":{\"@type\":\"EntryPoint\",\"urlTemplate\":\"https:\/\/solvatten.org\/sv\/?s={search_term_string}\"},\"query-input\":{\"@type\":\"PropertyValueSpecification\",\"valueRequired\":true,\"valueName\":\"search_term_string\"}}],\"inLanguage\":\"sv-SE\"},{\"@type\":\"Organization\",\"@id\":\"https:\/\/solvatten.org\/sv\/#organization\",\"name\":\"Solvatten\",\"url\":\"https:\/\/solvatten.org\/sv\/\",\"logo\":{\"@type\":\"ImageObject\",\"inLanguage\":\"sv-SE\",\"@id\":\"https:\/\/solvatten.org\/sv\/#\/schema\/logo\/image\/\",\"url\":\"https:\/\/solvatten.org\/wp-content\/uploads\/2020\/02\/Solvatten_Logo_Black.png\",\"contentUrl\":\"https:\/\/solvatten.org\/wp-content\/uploads\/2020\/02\/Solvatten_Logo_Black.png\",\"width\":2000,\"height\":535,\"caption\":\"Solvatten\"},\"image\":{\"@id\":\"https:\/\/solvatten.org\/sv\/#\/schema\/logo\/image\/\"}}]}<\/script>\n<!-- \/ Yoast SEO Premium plugin. -->","yoast_head_json":{"title":"Tack - Julkampanj - Sunshine Stories","robots":{"index":"index","follow":"follow","max-snippet":"max-snippet:-1","max-image-preview":"max-image-preview:large","max-video-preview":"max-video-preview:-1"},"canonical":"https:\/\/solvatten.org\/sv\/tack-julkampanj\/","og_locale":"sv_SE","og_type":"article","og_title":"Tack - Julkampanj","og_description":"Tack f\u00f6r din g\u00e5va! \u00d6ver tv\u00e5 miljarder m\u00e4nniskor saknar tillg\u00e5ng till rent vatten i hemmet. Detta f\u00e5r f\u00f6r\u00f6dande konsekvenser f\u00f6r m\u00e4nniska, milj\u00f6 och klimatet. Solvatten \u00e4r en svensk innovation som renar och v\u00e4rmer vatten med hj\u00e4lp av solens energi. Tack f\u00f6r att du \u00e4r med och bidrar till mer rent vatten. Som tack f\u00f6r er [&hellip;]","og_url":"https:\/\/solvatten.org\/sv\/tack-julkampanj\/","og_site_name":"Sunshine Stories","article_modified_time":"2021-11-22T15:38:53+00:00","og_image":[{"width":1170,"height":1200,"url":"https:\/\/solvatten.org\/wp-content\/uploads\/2021\/07\/Solvatten-image.jpg","type":"image\/jpeg"}],"twitter_card":"summary_large_image","twitter_misc":{"Ber\u00e4knad l\u00e4stid":"1 minut"},"schema":{"@context":"https:\/\/schema.org","@graph":[{"@type":"WebPage","@id":"https:\/\/solvatten.org\/sv\/tack-julkampanj\/","url":"https:\/\/solvatten.org\/sv\/tack-julkampanj\/","name":"Tack - Julkampanj - Sunshine Stories","isPartOf":{"@id":"https:\/\/solvatten.org\/sv\/#website"},"primaryImageOfPage":{"@id":"https:\/\/solvatten.org\/sv\/tack-julkampanj\/#primaryimage"},"image":{"@id":"https:\/\/solvatten.org\/sv\/tack-julkampanj\/#primaryimage"},"thumbnailUrl":"https:\/\/solvatten.org\/wp-content\/uploads\/2021\/07\/Solvatten-image.jpg","datePublished":"2021-11-17T13:23:57+00:00","dateModified":"2021-11-22T15:38:53+00:00","breadcrumb":{"@id":"https:\/\/solvatten.org\/sv\/tack-julkampanj\/#breadcrumb"},"inLanguage":"sv-SE","potentialAction":[{"@type":"ReadAction","target":["https:\/\/solvatten.org\/sv\/tack-julkampanj\/"]}]},{"@type":"ImageObject","inLanguage":"sv-SE","@id":"https:\/\/solvatten.org\/sv\/tack-julkampanj\/#primaryimage","url":"https:\/\/solvatten.org\/wp-content\/uploads\/2021\/07\/Solvatten-image.jpg","contentUrl":"https:\/\/solvatten.org\/wp-content\/uploads\/2021\/07\/Solvatten-image.jpg","width":1170,"height":1200},{"@type":"BreadcrumbList","@id":"https:\/\/solvatten.org\/sv\/tack-julkampanj\/#breadcrumb","itemListElement":[{"@type":"ListItem","position":1,"name":"Home","item":"https:\/\/solvatten.org\/sv\/"},{"@type":"ListItem","position":2,"name":"Tack &#8211; Julkampanj"}]},{"@type":"WebSite","@id":"https:\/\/solvatten.org\/sv\/#website","url":"https:\/\/solvatten.org\/sv\/","name":"Sunshine Stories","description":"Everything Starts With Safe Water","publisher":{"@id":"https:\/\/solvatten.org\/sv\/#organization"},"potentialAction":[{"@type":"SearchAction","target":{"@type":"EntryPoint","urlTemplate":"https:\/\/solvatten.org\/sv\/?s={search_term_string}"},"query-input":{"@type":"PropertyValueSpecification","valueRequired":true,"valueName":"search_term_string"}}],"inLanguage":"sv-SE"},{"@type":"Organization","@id":"https:\/\/solvatten.org\/sv\/#organization","name":"Solvatten","url":"https:\/\/solvatten.org\/sv\/","logo":{"@type":"ImageObject","inLanguage":"sv-SE","@id":"https:\/\/solvatten.org\/sv\/#\/schema\/logo\/image\/","url":"https:\/\/solvatten.org\/wp-content\/uploads\/2020\/02\/Solvatten_Logo_Black.png","contentUrl":"https:\/\/solvatten.org\/wp-content\/uploads\/2020\/02\/Solvatten_Logo_Black.png","width":2000,"height":535,"caption":"Solvatten"},"image":{"@id":"https:\/\/solvatten.org\/sv\/#\/schema\/logo\/image\/"}}]}},"_links":{"self":[{"href":"https:\/\/solvatten.org\/sv\/wp-json\/wp\/v2\/pages\/16844","targetHints":{"allow":["GET"]}}],"collection":[{"href":"https:\/\/solvatten.org\/sv\/wp-json\/wp\/v2\/pages"}],"about":[{"href":"https:\/\/solvatten.org\/sv\/wp-json\/wp\/v2\/types\/page"}],"author":[{"embeddable":true,"href":"https:\/\/solvatten.org\/sv\/wp-json\/wp\/v2\/users\/25"}],"replies":[{"embeddable":true,"href":"https:\/\/solvatten.org\/sv\/wp-json\/wp\/v2\/comments?post=16844"}],"version-history":[{"count":0,"href":"https:\/\/solvatten.org\/sv\/wp-json\/wp\/v2\/pages\/16844\/revisions"}],"wp:featuredmedia":[{"embeddable":true,"href":"https:\/\/solvatten.org\/sv\/wp-json\/wp\/v2\/media\/15640"}],"wp:attachment":[{"href":"https:\/\/solvatten.org\/sv\/wp-json\/wp\/v2\/media?parent=16844"}],"curies":[{"name":"wp","href":"https:\/\/api.w.org\/{rel}","templated":true}]}}